{"id":246239,"date":"2025-06-27T09:03:27","date_gmt":"2025-06-27T09:03:27","guid":{"rendered":"https:\/\/fh.academy\/zugaenglichkeit\/"},"modified":"2025-06-27T13:11:37","modified_gmt":"2025-06-27T13:11:37","slug":"zugaenglichkeit","status":"publish","type":"page","link":"https:\/\/fh.academy\/de\/zugaenglichkeit\/","title":{"rendered":"Zug\u00e4nglichkeit"},"content":{"rendered":"<p>[et_pb_section fb_built=&#8220;1&#8243; admin_label=&#8220;section&#8220; _builder_version=&#8220;4.16&#8243; global_colors_info=&#8220;{}&#8220;][et_pb_row admin_label=&#8220;Rudern&#8220; _builder_version=&#8220;4.16&#8243; background_size=&#8220;initial&#8220; background_position=&#8220;top_left&#8220; background_repeat=&#8220;repeat&#8220; global_colors_info=&#8220;{}&#8220;][et_pb_column type=&#8220;4_4&#8243; _builder_version=&#8220;4.16&#8243; custom_padding=&#8220;|||&#8220; global_colors_info=&#8220;{}&#8220; custom_padding__hover=&#8220;|||&#8220;][et_pb_text admin_label=&#8220;Text&#8220; _builder_version=&#8220;4.27.4&#8243; background_size=&#8220;initial&#8220; background_position=&#8220;top_left&#8220; background_repeat=&#8220;repeat&#8220; hover_enabled=&#8220;0&#8243; global_colors_info=&#8220;{}&#8220; sticky_enabled=&#8220;0&#8243;]<\/p>\n<p>&nbsp;<\/p>\n<h1>Erkl\u00e4rung zur Barrierefreiheit \u2013 FH Academy (<a href=\"https:\/\/fh.academy\/de\/\">https:\/\/fh.academy<\/a>)<\/h1>\n<p><strong>In \u00dcbereinstimmung mit dem Gesetzesdekret 106\/2018 und den AgID-Leitlinien f\u00fcr private Unternehmen (Europ\u00e4ischer Rechtsakt zur Barrierefreiheit \u2013 28. Juni 2025) <\/strong><\/p>\n<hr>\n<h2>1. Allgemeine Informationen<\/h2>\n<table style=\"height: 186px;\">\n<thead>\n<tr style=\"height: 25px;\">\n<th style=\"height: 25px; width: 273.055px;\">Feld<\/th>\n<th style=\"height: 25px; width: 483.758px;\">Datum<\/th>\n<\/tr>\n<\/thead>\n<tbody>\n<tr style=\"height: 23px;\">\n<td style=\"height: 23px; width: 273.055px;\"><strong>Anbieter<\/strong><\/td>\n<td style=\"height: 23px; width: 483.758px;\">FH Akademie<\/td>\n<\/tr>\n<tr style=\"height: 23px;\">\n<td style=\"height: 23px; width: 273.055px;\"><strong>URL der Website<\/strong><\/td>\n<td style=\"height: 23px; width: 483.758px;\"><a href=\"https:\/\/fh.academy\/de\/\">https:\/\/fh.academy<\/a><\/td>\n<\/tr>\n<tr style=\"height: 23px;\">\n<td style=\"height: 23px; width: 273.055px;\"><strong>Verwendetes<\/strong><\/td>\n<p> CMS<\/p>\n<td style=\"height: 23px; width: 483.758px;\">WordPress (Version 6.8) mit benutzerdefiniertem Theme und aktivem Accessibility-Plugin<\/td>\n<\/tr>\n<tr style=\"height: 23px;\">\n<td style=\"height: 23px; width: 273.055px;\"><strong>Datum der aktuellen<\/strong><\/td>\n<p> Website<\/p>\n<td style=\"height: 23px; width: 483.758px;\">1. Dezember 2021<\/td>\n<\/tr>\n<tr style=\"height: 23px;\">\nAnsprechpartner <\/p>\n<td style=\"height: 23px; width: 273.055px;\"><strong>f\u00fcr Barrierefreiheit<\/strong><\/td>\n<td style=\"height: 23px; width: 483.758px;\">Gabriele Ghione \u2013 E-Mail: <a href=\"mailto:info@fhacademy.it\">info@fhacademy.it<\/a><\/td>\n<\/tr>\n<tr style=\"height: 23px;\">\n<td style=\"height: 23px; width: 273.055px;\"><strong>Datum der Ver\u00f6ffentlichung der Erkl\u00e4rung<\/strong><\/td>\n<td style=\"height: 23px; width: 483.758px;\">28. Juni 2025<\/td>\n<\/tr>\n<tr style=\"height: 23px;\">\n<td style=\"height: 23px; width: 273.055px;\"><strong>Zuletzt aktualisiert<\/strong><\/td>\n<td style=\"height: 23px; width: 483.758px;\">26. Juni 2025<\/td>\n<\/tr>\n<\/tbody>\n<\/table>\n<hr>\n<h2>2. Stand der Einhaltung<\/h2>\n<p>Die Website <strong>entspricht teilweise<\/strong> den Anforderungen von UNI CEI EN 301549:2018 und WCAG 2.1 Stufe AA f\u00fcr die in \u00a74 angegebenen Nichtkonformit\u00e4ten.<\/p>\n<hr>\n<h2>3. Bewertungsmethodik<\/h2>\n<ul>\n<li><strong>Automatisierte Tests:<\/strong> Selbsteinsch\u00e4tzung (20. Juni 2025) mit digitale.co\/accessibilita.<\/li>\n<li><strong>Manuelle Tests:<\/strong> interne \u00dcberpr\u00fcfung von Formularen, Tastaturnavigation, Kontraste, \u00dcberschriften.<\/li>\n<li><strong>Usability-Tests mit echten Nutzern:<\/strong> geplant f\u00fcr Ende 2025.<\/li>\n<\/ul>\n<hr>\n<h2>4. Unzug\u00e4ngliche Inhalte<\/h2>\n<table>\n<thead>\n<tr>\n<th>WCAG<\/th>\n<th>Kritikalit\u00e4t<\/th>\n<th>Anpassungsplan<\/th>\n<\/tr>\n<\/thead>\n<tbody>\n<tr>\n<td>1.4.3<\/td>\n<td>Unzureichender Kontrast bei einigen Schaltfl\u00e4chen\/Links<\/td>\n<td>Bis Sep 2025<\/td>\n<\/tr>\n<tr>\n<td>2.4.6<\/td>\n<td>Ungleichm\u00e4\u00dfige<\/td>\n<p> Titelhierarchie<\/p>\n<td>Bis Okt 2025<\/td>\n<\/tr>\n<tr>\n<td>1.3.1<\/td>\n<td>Tabellen ohne korrekte<\/td>\n<p> Beschriftung<\/p>\n<td>Bis Nov 2025<\/td>\n<\/tr>\n<tr>\n<td>1.1.1 \u2013 1.3.1 \u2013 2.4.2<\/td>\n<td>PDFs vor dem 23.09.2018 nicht barrierefrei<\/td>\n<td>Ausnahmeregelung; neue PDFs zug\u00e4nglich<\/td>\n<\/tr>\n<\/tbody>\n<\/table>\n<hr>\n<h2>5. Ergriffene Ma\u00dfnahmen zur Barrierefreiheit<\/h2>\n<p>Die Website integriert ein <strong>erweitertes Widget f\u00fcr die Barrierefreiheit<\/strong> (Symbol unten links), das Folgendes erm\u00f6glicht:<\/p>\n<ul>\n<li>Text vergr\u00f6\u00dfern\/verkleinern \u00b7 Gut lesbare Schriftarten<\/li>\n<li>Hoher Kontrast \/ Farbinversionsmodus<\/li>\n<li>Automatisches Auslesen von Inhalten<\/li>\n<li>Vereinfachte Tastaturnavigation<\/li>\n<li>Animationen und \u00dcberg\u00e4nge pausieren<\/li>\n<\/ul>\n<hr>\n<h2>6. PDF Dokumente<\/h2>\n<p>PDFs, die vor dem 23. September 2018 ver\u00f6ffentlicht wurden, fallen unter eine Ausnahmeregelung; Die neuen PDFs werden in einem barrierefreien Format erstellt.<\/p>\n<hr>\n<h2>7. Feedback-Mechanismus<\/h2>\n<table>\n<thead>\n<tr>\n<th>Art<\/th>\n<th>Verbinden<\/th>\n<th>Modalit\u00e4t<\/th>\n<\/tr>\n<\/thead>\n<tbody>\n<tr>\n<td>Zug\u00e4ngliches<\/td>\n<p> Online-Formular<\/p>\n<td><a href=\"https:\/\/fh.academy\/de\/kontakte\/\"><\/a><br \/>\n https:\/\/fh.academy\/contatti\/<\/td>\n<td>W\u00e4hlen Sie &#8222;Berichte zur Barrierefreiheit&#8220; aus.<\/td>\n<\/tr>\n<tr>\n<td>Dedizierte<\/td>\n<p> E-Mail<\/p>\n<td><a href=\"mailto:info@fhacademy.it\"><\/a><br \/>\n info@fhacademy.it<\/td>\n<td>\u00dcberwacht durch den internen Manager<\/td>\n<\/tr>\n<\/tbody>\n<\/table>\n<p>Antwort innerhalb von 15 Werktagen.<\/p>\n<hr>\n<h2>8. Rechtsbehelfsverfahren<\/h2>\n<p>Im Falle einer unbefriedigenden Antwort kann der Digitale Ombudsmann (AGID) in Anspruch genommen werden.<\/p>\n<hr>\n<h2>9. K\u00fcnftige Verpflichtungen<\/h2>\n<ul>\n<li>Usability-Tests mit echten Nutzern bis Dezember 2025.<\/li>\n<li>Adaption kritischer Themen (Abs. 4) bis November 2025.<\/li>\n<li>J\u00e4hrliche Aktualisierung dieser Erkl\u00e4rung.<\/li>\n<\/ul>\n<hr>\n<p><em>Dokument erstellt am 26. Juni 2025 \u2013 ver\u00f6ffentlicht am 28. Juni 2025.<\/em><\/p>\n<p>FH Academy \u2013 P.iva 08998370962 \u2013 <a href=\"mailto:info@fhacademy.it\">info@fhacademy.it<\/a><\/p>\n<p>&nbsp;<\/p>\n<p>[\/et_pb_text][\/et_pb_column][\/et_pb_row][\/et_pb_section]<\/p>\n","protected":false},"excerpt":{"rendered":"<p>&nbsp; Erkl\u00e4rung zur Barrierefreiheit \u2013 FH Academy (https:\/\/fh.academy) In \u00dcbereinstimmung mit dem Gesetzesdekret 106\/2018 und den AgID-Leitlinien f\u00fcr private Unternehmen (Europ\u00e4ischer Rechtsakt zur Barrierefreiheit \u2013 28. Juni 2025) 1. Allgemeine Informationen Feld Datum Anbieter FH Akademie URL der Websitehttps:\/\/fh.academy Verwendetes CMSWordPress (Version 6.8) mit benutzerdefiniertem Theme und aktivem Accessibility-Plugin Datum der aktuellen Website1. Dezember 2021 [&hellip;]<\/p>\n","protected":false},"author":1,"featured_media":0,"parent":0,"menu_order":0,"comment_status":"closed","ping_status":"closed","template":"","meta":{"_et_pb_use_builder":"on","_et_pb_old_content":"","_et_gb_content_width":"","_joinchat":[],"footnotes":""},"class_list":["post-246239","page","type-page","status-publish","hentry"],"yoast_head":"<!-- This site is optimized with the Yoast SEO plugin v27.2 - https:\/\/yoast.com\/product\/yoast-seo-wordpress\/ -->\n<title>Zug\u00e4nglichkeit - FH Academy<\/title>\n<meta name=\"robots\" content=\"index, follow, max-snippet:-1, max-image-preview:large, max-video-preview:-1\" \/>\n<link rel=\"canonical\" href=\"https:\/\/fh.academy\/de\/zugaenglichkeit\/\" \/>\n<meta property=\"og:locale\" content=\"de_DE\" \/>\n<meta property=\"og:type\" content=\"article\" \/>\n<meta property=\"og:title\" content=\"Zug\u00e4nglichkeit - FH Academy\" \/>\n<meta property=\"og:description\" content=\"&nbsp; Erkl\u00e4rung zur Barrierefreiheit \u2013 FH Academy (https:\/\/fh.academy) In \u00dcbereinstimmung mit dem Gesetzesdekret 106\/2018 und den AgID-Leitlinien f\u00fcr private Unternehmen (Europ\u00e4ischer Rechtsakt zur Barrierefreiheit \u2013 28. Juni 2025) 1. Allgemeine Informationen Feld Datum Anbieter FH Akademie URL der Websitehttps:\/\/fh.academy Verwendetes CMSWordPress (Version 6.8) mit benutzerdefiniertem Theme und aktivem Accessibility-Plugin Datum der aktuellen Website1. Dezember 2021 [&hellip;]\" \/>\n<meta property=\"og:url\" content=\"https:\/\/fh.academy\/de\/zugaenglichkeit\/\" \/>\n<meta property=\"og:site_name\" content=\"FH Academy\" \/>\n<meta property=\"article:publisher\" content=\"https:\/\/www.facebook.com\/FHAcademyPortoPollo\/\" \/>\n<meta property=\"article:modified_time\" content=\"2025-06-27T13:11:37+00:00\" \/>\n<meta name=\"twitter:card\" content=\"summary_large_image\" \/>\n<meta name=\"twitter:site\" content=\"@fhacademy_it\" \/>\n<meta name=\"twitter:label1\" content=\"Gesch\u00e4tzte Lesezeit\" \/>\n\t<meta name=\"twitter:data1\" content=\"2\u00a0Minuten\" \/>\n<script type=\"application\/ld+json\" class=\"yoast-schema-graph\">{\"@context\":\"https:\/\/schema.org\",\"@graph\":[{\"@type\":\"WebPage\",\"@id\":\"https:\/\/fh.academy\/de\/zugaenglichkeit\/\",\"url\":\"https:\/\/fh.academy\/de\/zugaenglichkeit\/\",\"name\":\"Zug\u00e4nglichkeit - FH Academy\",\"isPartOf\":{\"@id\":\"https:\/\/fh.academy\/de\/#website\"},\"datePublished\":\"2025-06-27T09:03:27+00:00\",\"dateModified\":\"2025-06-27T13:11:37+00:00\",\"breadcrumb\":{\"@id\":\"https:\/\/fh.academy\/de\/zugaenglichkeit\/#breadcrumb\"},\"inLanguage\":\"de\",\"potentialAction\":[{\"@type\":\"ReadAction\",\"target\":[\"https:\/\/fh.academy\/de\/zugaenglichkeit\/\"]}]},{\"@type\":\"BreadcrumbList\",\"@id\":\"https:\/\/fh.academy\/de\/zugaenglichkeit\/#breadcrumb\",\"itemListElement\":[{\"@type\":\"ListItem\",\"position\":1,\"name\":\"Home\",\"item\":\"https:\/\/fh.academy\/de\/\"},{\"@type\":\"ListItem\",\"position\":2,\"name\":\"Zug\u00e4nglichkeit\"}]},{\"@type\":\"WebSite\",\"@id\":\"https:\/\/fh.academy\/de\/#website\",\"url\":\"https:\/\/fh.academy\/de\/\",\"name\":\"FH Academy\",\"description\":\"Scuola Kitesurf e Windsurf in Sardegna\",\"publisher\":{\"@id\":\"https:\/\/fh.academy\/de\/#organization\"},\"potentialAction\":[{\"@type\":\"SearchAction\",\"target\":{\"@type\":\"EntryPoint\",\"urlTemplate\":\"https:\/\/fh.academy\/de\/?s={search_term_string}\"},\"query-input\":{\"@type\":\"PropertyValueSpecification\",\"valueRequired\":true,\"valueName\":\"search_term_string\"}}],\"inLanguage\":\"de\"},{\"@type\":\"Organization\",\"@id\":\"https:\/\/fh.academy\/de\/#organization\",\"name\":\"FH Academy\",\"url\":\"https:\/\/fh.academy\/de\/\",\"logo\":{\"@type\":\"ImageObject\",\"inLanguage\":\"de\",\"@id\":\"https:\/\/fh.academy\/de\/#\/schema\/logo\/image\/\",\"url\":\"https:\/\/fh.academy\/wp-content\/uploads\/2022\/05\/FH_Sardinia_LOGO_CMYK_rebrand-gocci-singola-5.png\",\"contentUrl\":\"https:\/\/fh.academy\/wp-content\/uploads\/2022\/05\/FH_Sardinia_LOGO_CMYK_rebrand-gocci-singola-5.png\",\"width\":1302,\"height\":651,\"caption\":\"FH Academy\"},\"image\":{\"@id\":\"https:\/\/fh.academy\/de\/#\/schema\/logo\/image\/\"},\"sameAs\":[\"https:\/\/www.facebook.com\/FHAcademyPortoPollo\/\",\"https:\/\/x.com\/fhacademy_it\",\"https:\/\/www.instagram.com\/fh_academy\/\"]}]}<\/script>\n<!-- \/ Yoast SEO plugin. -->","yoast_head_json":{"title":"Zug\u00e4nglichkeit - FH Academy","robots":{"index":"index","follow":"follow","max-snippet":"max-snippet:-1","max-image-preview":"max-image-preview:large","max-video-preview":"max-video-preview:-1"},"canonical":"https:\/\/fh.academy\/de\/zugaenglichkeit\/","og_locale":"de_DE","og_type":"article","og_title":"Zug\u00e4nglichkeit - FH Academy","og_description":"&nbsp; Erkl\u00e4rung zur Barrierefreiheit \u2013 FH Academy (https:\/\/fh.academy) In \u00dcbereinstimmung mit dem Gesetzesdekret 106\/2018 und den AgID-Leitlinien f\u00fcr private Unternehmen (Europ\u00e4ischer Rechtsakt zur Barrierefreiheit \u2013 28. Juni 2025) 1. Allgemeine Informationen Feld Datum Anbieter FH Akademie URL der Websitehttps:\/\/fh.academy Verwendetes CMSWordPress (Version 6.8) mit benutzerdefiniertem Theme und aktivem Accessibility-Plugin Datum der aktuellen Website1. Dezember 2021 [&hellip;]","og_url":"https:\/\/fh.academy\/de\/zugaenglichkeit\/","og_site_name":"FH Academy","article_publisher":"https:\/\/www.facebook.com\/FHAcademyPortoPollo\/","article_modified_time":"2025-06-27T13:11:37+00:00","twitter_card":"summary_large_image","twitter_site":"@fhacademy_it","twitter_misc":{"Gesch\u00e4tzte Lesezeit":"2\u00a0Minuten"},"schema":{"@context":"https:\/\/schema.org","@graph":[{"@type":"WebPage","@id":"https:\/\/fh.academy\/de\/zugaenglichkeit\/","url":"https:\/\/fh.academy\/de\/zugaenglichkeit\/","name":"Zug\u00e4nglichkeit - FH Academy","isPartOf":{"@id":"https:\/\/fh.academy\/de\/#website"},"datePublished":"2025-06-27T09:03:27+00:00","dateModified":"2025-06-27T13:11:37+00:00","breadcrumb":{"@id":"https:\/\/fh.academy\/de\/zugaenglichkeit\/#breadcrumb"},"inLanguage":"de","potentialAction":[{"@type":"ReadAction","target":["https:\/\/fh.academy\/de\/zugaenglichkeit\/"]}]},{"@type":"BreadcrumbList","@id":"https:\/\/fh.academy\/de\/zugaenglichkeit\/#breadcrumb","itemListElement":[{"@type":"ListItem","position":1,"name":"Home","item":"https:\/\/fh.academy\/de\/"},{"@type":"ListItem","position":2,"name":"Zug\u00e4nglichkeit"}]},{"@type":"WebSite","@id":"https:\/\/fh.academy\/de\/#website","url":"https:\/\/fh.academy\/de\/","name":"FH Academy","description":"Scuola Kitesurf e Windsurf in Sardegna","publisher":{"@id":"https:\/\/fh.academy\/de\/#organization"},"potentialAction":[{"@type":"SearchAction","target":{"@type":"EntryPoint","urlTemplate":"https:\/\/fh.academy\/de\/?s={search_term_string}"},"query-input":{"@type":"PropertyValueSpecification","valueRequired":true,"valueName":"search_term_string"}}],"inLanguage":"de"},{"@type":"Organization","@id":"https:\/\/fh.academy\/de\/#organization","name":"FH Academy","url":"https:\/\/fh.academy\/de\/","logo":{"@type":"ImageObject","inLanguage":"de","@id":"https:\/\/fh.academy\/de\/#\/schema\/logo\/image\/","url":"https:\/\/fh.academy\/wp-content\/uploads\/2022\/05\/FH_Sardinia_LOGO_CMYK_rebrand-gocci-singola-5.png","contentUrl":"https:\/\/fh.academy\/wp-content\/uploads\/2022\/05\/FH_Sardinia_LOGO_CMYK_rebrand-gocci-singola-5.png","width":1302,"height":651,"caption":"FH Academy"},"image":{"@id":"https:\/\/fh.academy\/de\/#\/schema\/logo\/image\/"},"sameAs":["https:\/\/www.facebook.com\/FHAcademyPortoPollo\/","https:\/\/x.com\/fhacademy_it","https:\/\/www.instagram.com\/fh_academy\/"]}]}},"_links":{"self":[{"href":"https:\/\/fh.academy\/de\/wp-json\/wp\/v2\/pages\/246239","targetHints":{"allow":["GET"]}}],"collection":[{"href":"https:\/\/fh.academy\/de\/wp-json\/wp\/v2\/pages"}],"about":[{"href":"https:\/\/fh.academy\/de\/wp-json\/wp\/v2\/types\/page"}],"author":[{"embeddable":true,"href":"https:\/\/fh.academy\/de\/wp-json\/wp\/v2\/users\/1"}],"replies":[{"embeddable":true,"href":"https:\/\/fh.academy\/de\/wp-json\/wp\/v2\/comments?post=246239"}],"version-history":[{"count":2,"href":"https:\/\/fh.academy\/de\/wp-json\/wp\/v2\/pages\/246239\/revisions"}],"predecessor-version":[{"id":246241,"href":"https:\/\/fh.academy\/de\/wp-json\/wp\/v2\/pages\/246239\/revisions\/246241"}],"wp:attachment":[{"href":"https:\/\/fh.academy\/de\/wp-json\/wp\/v2\/media?parent=246239"}],"curies":[{"name":"wp","href":"https:\/\/api.w.org\/{rel}","templated":true}]}}