{"id":246217,"date":"2022-01-03T10:43:05","date_gmt":"2022-01-03T10:43:05","guid":{"rendered":"https:\/\/fh.academy\/datenschutzrichtlinie\/"},"modified":"2025-06-27T12:41:36","modified_gmt":"2025-06-27T12:41:36","slug":"datenschutzrichtlinie","status":"publish","type":"page","link":"https:\/\/fh.academy\/de\/datenschutzrichtlinie\/","title":{"rendered":"Datenschutzrichtlinie"},"content":{"rendered":"<p>[et_pb_section fb_built=&#8220;1&#8243; admin_label=&#8220;section&#8220; _builder_version=&#8220;4.16&#8243; global_colors_info=&#8220;{}&#8220;][et_pb_row admin_label=&#8220;Rudern&#8220; _builder_version=&#8220;4.16&#8243; background_size=&#8220;initial&#8220; background_position=&#8220;top_left&#8220; background_repeat=&#8220;repeat&#8220; global_colors_info=&#8220;{}&#8220;][et_pb_column type=&#8220;4_4&#8243; _builder_version=&#8220;4.16&#8243; custom_padding=&#8220;|||&#8220; global_colors_info=&#8220;{}&#8220; custom_padding__hover=&#8220;|||&#8220;][et_pb_text admin_label=&#8220;Text&#8220; _builder_version=&#8220;4.27.4&#8243; background_size=&#8220;initial&#8220; background_position=&#8220;top_left&#8220; background_repeat=&#8220;repeat&#8220; custom_margin=&#8220;20px||20px||true|false&#8220; hover_enabled=&#8220;0&#8243; global_colors_info=&#8220;{}&#8220; sticky_enabled=&#8220;0&#8243;]<\/p>\n<p>&nbsp;<\/p>\n<h2 data-start=\"309\" data-end=\"341\"><strong data-start=\"312\" data-end=\"341\">Datenschutzrichtlinie<\/strong><\/h2>\n<p data-start=\"343\" data-end=\"384\"><strong data-start=\"343\" data-end=\"384\">Letzte Aktualisierung: <\/strong>27. Juni 2025<\/p>\n<p data-start=\"386\" data-end=\"579\">Gem\u00e4\u00df Art. 13 der Verordnung (EU) 2016\/679 (&#8222;DSGVO&#8220;) beschreibt diese Richtlinie die Methoden zur Verarbeitung personenbezogener Daten von Nutzern, die die <strong data-start=\"556\" data-end=\"578\"><a class=\"\" href=\"https:\/\/fh.academy\/de\/\" target=\"_new\" rel=\"noopener\" data-start=\"558\" data-end=\"576\">https:\/\/fh.academy<\/a><\/strong> Website besuchen. <\/p>\n<hr data-start=\"581\" data-end=\"584\">\n<h3 data-start=\"586\" data-end=\"621\">1. <strong data-start=\"593\" data-end=\"621\">Verantwortlicher f\u00fcr die Datenverarbeitung<\/strong><\/h3>\n<p data-start=\"622\" data-end=\"865\">Der Verantwortliche f\u00fcr die Datenverarbeitung ist <strong data-start=\"652\" data-end=\"675\">die FH Academy<\/strong>, <strong>Umsatzsteuer-Identifikationsnummer 08998370962<\/strong>.<br data-start=\"749\" data-end=\"752\">F\u00fcr alle Anfragen zum Schutz personenbezogener Daten k\u00f6nnen Sie sich schriftlich an <strong data-start=\"845\" data-end=\"864\"><a class=\"cursor-pointer\" rel=\"noopener\" data-start=\"847\" data-end=\"862\">folgende Adresse wenden: info@fhacademy.it<\/a><\/strong>.<\/p>\n<hr data-start=\"867\" data-end=\"870\">\n<h3 data-start=\"872\" data-end=\"904\">2. <strong data-start=\"879\" data-end=\"904\">Arten der verarbeiteten Daten<\/strong><\/h3>\n<h4 data-start=\"906\" data-end=\"933\">a) Navigationsdaten<\/h4>\n<p data-start=\"934\" data-end=\"1156\">Die Computersysteme der Website sammeln einige technische Daten (z. B. IP-Adresse, Browsertyp, Betriebssystem) ausschlie\u00dflich zu dem Zweck, das korrekte Funktionieren der Website zu gew\u00e4hrleisten, und zu statistischen Zwecken in anonymer Form.<\/p>\n<h4 data-start=\"1158\" data-end=\"1174\">b) Kommentare<\/h4>\n<p data-start=\"1175\" data-end=\"1622\">Wenn ein Benutzer einen Kommentar hinterl\u00e4sst, erfassen wir die im Formular angezeigten Daten (Name, E-Mail, Kommentar), die IP-Adresse und die Benutzer-Agent-Zeichenfolge des Browsers, um Spam zu erkennen.<br data-start=\"1374\" data-end=\"1377\">Eine anonymisierte Zeichenfolge (Hash), die aus der E-Mail-Adresse erstellt wird, kann dem Gravatar-Dienst zur Verf\u00fcgung gestellt werden, um zu \u00fcberpr\u00fcfen, ob Sie ihn verwenden. Die entsprechenden Informationen finden Sie unter: <a class=\"\" href=\"https:\/\/automattic.com\/privacy\" target=\"_new\" rel=\"noopener\" data-start=\"1558\" data-end=\"1622\">https:\/\/automattic.com\/privacy<\/a> <\/p>\n<h4 data-start=\"1624\" data-end=\"1637\">c) Durchschnitt<\/h4>\n<p data-start=\"1638\" data-end=\"1786\">Wenn Sie Bilder auf die Website hochladen, vermeiden Sie die Angabe von Standortdaten (EXIF-GPS), da andere Benutzer diese Informationen herunterladen und extrahieren k\u00f6nnen.<\/p>\n<hr data-start=\"1788\" data-end=\"1791\">\n<h3 data-start=\"1793\" data-end=\"1810\">3. <strong data-start=\"1800\" data-end=\"1810\">Kekse<\/strong><\/h3>\n<p data-start=\"1811\" data-end=\"1965\">Die Website verwendet technische Cookies und, vorbehaltlich der Zustimmung, Cookies von Drittanbietern zu Analyse- oder Marketingzwecken.<br data-start=\"1909\" data-end=\"1912\">Weitere Einzelheiten finden Sie in der <a class=\"\" href=\"#\" rel=\"noopener\" data-start=\"1946\" data-end=\"1964\">Cookie-Richtlinie<\/a>.<\/p>\n<p data-start=\"1967\" data-end=\"2259\">Wenn Sie einen Kommentar hinterlassen, k\u00f6nnen Sie Ihren Namen, Ihre E-Mail-Adresse und Ihre Website in Cookies speichern. Diese dauern ein Jahr.<br data-start=\"2084\" data-end=\"2087\">Tempor\u00e4re Cookies werden auch beim Login, in den Bildschirmeinstellungen und beim Bearbeiten von Artikeln gesetzt. Diese Cookies enthalten keine personenbezogenen Daten.  <\/p>\n<hr data-start=\"2261\" data-end=\"2264\">\n<h3 data-start=\"2266\" data-end=\"2316\">4. <strong data-start=\"2273\" data-end=\"2316\">Eingebettete Inhalte von anderen Websites<\/strong><\/h3>\n<p data-start=\"2317\" data-end=\"2551\">Artikel auf dieser Website k\u00f6nnen eingebettete Inhalte (z. B. YouTube-Videos, Karten usw.) enthalten. Diese Websites k\u00f6nnen Daten sammeln, Cookies von Drittanbietern und Tracking verwenden, als ob der Benutzer diese Websites direkt besuchen w\u00fcrde. <\/p>\n<hr data-start=\"2553\" data-end=\"2556\">\n<h3 data-start=\"2558\" data-end=\"2610\">5. <strong data-start=\"2565\" data-end=\"2610\">Zweck und Rechtsgrundlage der Verarbeitung<\/strong><\/h3>\n<p data-start=\"2611\" data-end=\"2636\">Die Daten werden verarbeitet f\u00fcr:<\/p>\n<ul data-start=\"2637\" data-end=\"2951\">\n<li data-start=\"2637\" data-end=\"2736\">\n<p data-start=\"2639\" data-end=\"2736\">Um die Dienstleistungen der Website (z. B. Kommentare, Login) bereitzustellen \u2013 <strong data-start=\"2690\" data-end=\"2736\">Rechtsgrundlage: Vertragserf\u00fcllung<\/strong><\/p>\n<\/li>\n<li data-start=\"2737\" data-end=\"2803\">\n<p data-start=\"2739\" data-end=\"2803\">Beantwortung von Anfragen \u2013 <strong data-start=\"2764\" data-end=\"2803\">Rechtsgrundlage: Berechtigtes Interesse<\/strong><\/p>\n<\/li>\n<li data-start=\"2804\" data-end=\"2863\">\n<p data-start=\"2806\" data-end=\"2863\">Gesetzliche Vorgaben \u2013 <strong data-start=\"2827\" data-end=\"2863\">Rechtsgrundlage: gesetzliche Verpflichtung<\/strong><\/p>\n<\/li>\n<li data-start=\"2864\" data-end=\"2951\">\n<p data-start=\"2866\" data-end=\"2951\">Statistische Analyse und Marketing (nur mit vorheriger Einwilligung) \u2013 <strong data-start=\"2923\" data-end=\"2951\">Rechtsgrundlage: Einwilligung<\/strong><\/p>\n<\/li>\n<\/ul>\n<hr data-start=\"2953\" data-end=\"2956\">\n<h3 data-start=\"2958\" data-end=\"2991\">6. <strong data-start=\"2965\" data-end=\"2991\">Vorratsdatenspeicherung<\/strong><\/h3>\n<p data-start=\"2992\" data-end=\"3324\">Kommentare und ihre Metadaten werden auf unbestimmte Zeit aufbewahrt, um nachfolgende Kommentare leichter erkennen zu k\u00f6nnen.<br data-start=\"3122\" data-end=\"3125\">Registrierte Nutzer k\u00f6nnen ihre Daten (mit Ausnahme des Benutzernamens) jederzeit einsehen, \u00e4ndern oder l\u00f6schen. Site-Administratoren k\u00f6nnen auf diese Informationen zugreifen und diese bearbeiten. <\/p>\n<hr data-start=\"3326\" data-end=\"3329\">\n<h3 data-start=\"3331\" data-end=\"3377\">7. <strong data-start=\"3338\" data-end=\"3377\">Empf\u00e4nger und Daten\u00fcbermittlungen<\/strong><\/h3>\n<p data-start=\"3378\" data-end=\"3831\">Die Daten k\u00f6nnen an technische Dienstleister und Plattformen von Drittanbietern weitergegeben werden, und zwar ausschlie\u00dflich zu standortbezogenen Zwecken.<br data-start=\"3516\" data-end=\"3519\">In einigen F\u00e4llen kann es vorkommen, dass Daten au\u00dferhalb des Europ\u00e4ischen Wirtschaftsraums \u00fcbertragen werden. In diesem Fall erfolgt die \u00dcbermittlung nur in L\u00e4nder, die ein angemessenes Schutzniveau gew\u00e4hrleisten (z.B. auf der Grundlage von Angemessenheitsbeschl\u00fcssen, Standardvertragsklauseln oder der Einhaltung des US-amerikanischen Datenschutzrahmens). <\/p>\n<hr data-start=\"3833\" data-end=\"3836\">\n<h3 data-start=\"3838\" data-end=\"3873\">8. <strong data-start=\"3845\" data-end=\"3873\">Rechte der betroffenen Person<\/strong><\/h3>\n<p data-start=\"3874\" data-end=\"3960\">Sie k\u00f6nnen Ihre Rechte gem\u00e4\u00df den Artikeln 15-22 der DSGVO jederzeit aus\u00fcben:<\/p>\n<ul data-start=\"3961\" data-end=\"4167\">\n<li data-start=\"3961\" data-end=\"3989\">\n<p data-start=\"3963\" data-end=\"3989\">Recht auf Auskunft \u00fcber Daten<\/p>\n<\/li>\n<li data-start=\"3990\" data-end=\"4017\">\n<p data-start=\"3992\" data-end=\"4017\">Berichtigung oder L\u00f6schung<\/p>\n<\/li>\n<li data-start=\"4018\" data-end=\"4060\">\n<p data-start=\"4020\" data-end=\"4060\">Einschr\u00e4nkung oder Widerspruch gegen die Verarbeitung<\/p>\n<\/li>\n<li data-start=\"4061\" data-end=\"4083\">\n<p data-start=\"4063\" data-end=\"4083\">Daten\u00fcbertragbarkeit<\/p>\n<\/li>\n<li data-start=\"4084\" data-end=\"4167\">\n<p data-start=\"4086\" data-end=\"4167\">Widerruf der Einwilligung (unbeschadet der vor dem Widerruf erfolgten Verarbeitung)<\/p>\n<\/li>\n<\/ul>\n<p data-start=\"4169\" data-end=\"4397\">Um diese Rechte auszu\u00fcben, schreiben Sie bitte an <strong data-start=\"4208\" data-end=\"4227\"><a class=\"cursor-pointer\" rel=\"noopener\" data-start=\"4210\" data-end=\"4225\">info@fhacademy.it<\/a><\/strong><br data-start=\"4228\" data-end=\"4231\">Sie haben auch das Recht, eine Beschwerde <strong data-start=\"4274\" data-end=\"4331\">bei der Datenschutzbeh\u00f6rde<\/strong> einzureichen: <a class=\"\" href=\"https:\/\/www.garanteprivacy.it\/\" target=\"_new\" rel=\"noopener\" data-start=\"4333\" data-end=\"4397\">https:\/\/www.garanteprivacy.it\/<\/a><\/p>\n<hr data-start=\"4399\" data-end=\"4402\">\n<h3 data-start=\"4404\" data-end=\"4434\">9. <strong data-start=\"4411\" data-end=\"4434\">Datenschutz<\/strong><\/h3>\n<p data-start=\"4435\" data-end=\"4576\">Wir ergreifen geeignete technische und organisatorische Sicherheitsma\u00dfnahmen, um Ihre Daten vor unbefugtem Zugriff, Verlust oder Zerst\u00f6rung zu sch\u00fctzen.<\/p>\n<hr data-start=\"4578\" data-end=\"4581\">\n<h3 data-start=\"4583\" data-end=\"4630\">10. <strong data-start=\"4591\" data-end=\"4630\">\u00c4nderungen an dieser Richtlinie<\/strong><\/h3>\n<p data-start=\"4631\" data-end=\"4791\">Wir behalten uns das Recht vor, diese Richtlinie jederzeit zu \u00e4ndern. Die \u00c4nderungen werden auf dieser Seite mit einem Aktualisierungsdatum ver\u00f6ffentlicht. <\/p>\n<p>&nbsp;<\/p>\n<p>[\/et_pb_text][\/et_pb_column][\/et_pb_row][\/et_pb_section]<\/p>\n","protected":false},"excerpt":{"rendered":"<p>&nbsp; Datenschutzrichtlinie Letzte Aktualisierung: 27. Juni 2025 Gem\u00e4\u00df Art. 13 der Verordnung (EU) 2016\/679 (&#8222;DSGVO&#8220;) beschreibt diese Richtlinie die Methoden zur Verarbeitung personenbezogener Daten von Nutzern, die die https:\/\/fh.academy Website besuchen. 1. Verantwortlicher f\u00fcr die Datenverarbeitung Der Verantwortliche f\u00fcr die Datenverarbeitung ist die FH Academy, Umsatzsteuer-Identifikationsnummer 08998370962.F\u00fcr alle Anfragen zum Schutz personenbezogener Daten k\u00f6nnen Sie [&hellip;]<\/p>\n","protected":false},"author":1,"featured_media":0,"parent":0,"menu_order":0,"comment_status":"closed","ping_status":"closed","template":"","meta":{"_et_pb_use_builder":"on","_et_pb_old_content":"","_et_gb_content_width":"","_joinchat":[],"footnotes":""},"class_list":["post-246217","page","type-page","status-publish","hentry"],"yoast_head":"<!-- This site is optimized with the Yoast SEO plugin v27.2 - https:\/\/yoast.com\/product\/yoast-seo-wordpress\/ -->\n<title>Datenschutzrichtlinie - FH Academy<\/title>\n<meta name=\"robots\" content=\"index, follow, max-snippet:-1, max-image-preview:large, max-video-preview:-1\" \/>\n<link rel=\"canonical\" href=\"https:\/\/fh.academy\/de\/datenschutzrichtlinie\/\" \/>\n<meta property=\"og:locale\" content=\"de_DE\" \/>\n<meta property=\"og:type\" content=\"article\" \/>\n<meta property=\"og:title\" content=\"Datenschutzrichtlinie - FH Academy\" \/>\n<meta property=\"og:description\" content=\"&nbsp; Datenschutzrichtlinie Letzte Aktualisierung: 27. Juni 2025 Gem\u00e4\u00df Art. 13 der Verordnung (EU) 2016\/679 (&quot;DSGVO&quot;) beschreibt diese Richtlinie die Methoden zur Verarbeitung personenbezogener Daten von Nutzern, die die https:\/\/fh.academy Website besuchen. 1. Verantwortlicher f\u00fcr die Datenverarbeitung Der Verantwortliche f\u00fcr die Datenverarbeitung ist die FH Academy, Umsatzsteuer-Identifikationsnummer 08998370962.F\u00fcr alle Anfragen zum Schutz personenbezogener Daten k\u00f6nnen Sie [&hellip;]\" \/>\n<meta property=\"og:url\" content=\"https:\/\/fh.academy\/de\/datenschutzrichtlinie\/\" \/>\n<meta property=\"og:site_name\" content=\"FH Academy\" \/>\n<meta property=\"article:publisher\" content=\"https:\/\/www.facebook.com\/FHAcademyPortoPollo\/\" \/>\n<meta property=\"article:modified_time\" content=\"2025-06-27T12:41:36+00:00\" \/>\n<meta name=\"twitter:card\" content=\"summary_large_image\" \/>\n<meta name=\"twitter:site\" content=\"@fhacademy_it\" \/>\n<meta name=\"twitter:label1\" content=\"Gesch\u00e4tzte Lesezeit\" \/>\n\t<meta name=\"twitter:data1\" content=\"3\u00a0Minuten\" \/>\n<script type=\"application\/ld+json\" class=\"yoast-schema-graph\">{\"@context\":\"https:\/\/schema.org\",\"@graph\":[{\"@type\":\"WebPage\",\"@id\":\"https:\/\/fh.academy\/de\/datenschutzrichtlinie\/\",\"url\":\"https:\/\/fh.academy\/de\/datenschutzrichtlinie\/\",\"name\":\"Datenschutzrichtlinie - FH Academy\",\"isPartOf\":{\"@id\":\"https:\/\/fh.academy\/de\/#website\"},\"datePublished\":\"2022-01-03T10:43:05+00:00\",\"dateModified\":\"2025-06-27T12:41:36+00:00\",\"breadcrumb\":{\"@id\":\"https:\/\/fh.academy\/de\/datenschutzrichtlinie\/#breadcrumb\"},\"inLanguage\":\"de\",\"potentialAction\":[{\"@type\":\"ReadAction\",\"target\":[\"https:\/\/fh.academy\/de\/datenschutzrichtlinie\/\"]}]},{\"@type\":\"BreadcrumbList\",\"@id\":\"https:\/\/fh.academy\/de\/datenschutzrichtlinie\/#breadcrumb\",\"itemListElement\":[{\"@type\":\"ListItem\",\"position\":1,\"name\":\"Home\",\"item\":\"https:\/\/fh.academy\/de\/\"},{\"@type\":\"ListItem\",\"position\":2,\"name\":\"Datenschutzrichtlinie\"}]},{\"@type\":\"WebSite\",\"@id\":\"https:\/\/fh.academy\/de\/#website\",\"url\":\"https:\/\/fh.academy\/de\/\",\"name\":\"FH Academy\",\"description\":\"Scuola Kitesurf e Windsurf in Sardegna\",\"publisher\":{\"@id\":\"https:\/\/fh.academy\/de\/#organization\"},\"potentialAction\":[{\"@type\":\"SearchAction\",\"target\":{\"@type\":\"EntryPoint\",\"urlTemplate\":\"https:\/\/fh.academy\/de\/?s={search_term_string}\"},\"query-input\":{\"@type\":\"PropertyValueSpecification\",\"valueRequired\":true,\"valueName\":\"search_term_string\"}}],\"inLanguage\":\"de\"},{\"@type\":\"Organization\",\"@id\":\"https:\/\/fh.academy\/de\/#organization\",\"name\":\"FH Academy\",\"url\":\"https:\/\/fh.academy\/de\/\",\"logo\":{\"@type\":\"ImageObject\",\"inLanguage\":\"de\",\"@id\":\"https:\/\/fh.academy\/de\/#\/schema\/logo\/image\/\",\"url\":\"https:\/\/fh.academy\/wp-content\/uploads\/2022\/05\/FH_Sardinia_LOGO_CMYK_rebrand-gocci-singola-5.png\",\"contentUrl\":\"https:\/\/fh.academy\/wp-content\/uploads\/2022\/05\/FH_Sardinia_LOGO_CMYK_rebrand-gocci-singola-5.png\",\"width\":1302,\"height\":651,\"caption\":\"FH Academy\"},\"image\":{\"@id\":\"https:\/\/fh.academy\/de\/#\/schema\/logo\/image\/\"},\"sameAs\":[\"https:\/\/www.facebook.com\/FHAcademyPortoPollo\/\",\"https:\/\/x.com\/fhacademy_it\",\"https:\/\/www.instagram.com\/fh_academy\/\"]}]}<\/script>\n<!-- \/ Yoast SEO plugin. -->","yoast_head_json":{"title":"Datenschutzrichtlinie - FH Academy","robots":{"index":"index","follow":"follow","max-snippet":"max-snippet:-1","max-image-preview":"max-image-preview:large","max-video-preview":"max-video-preview:-1"},"canonical":"https:\/\/fh.academy\/de\/datenschutzrichtlinie\/","og_locale":"de_DE","og_type":"article","og_title":"Datenschutzrichtlinie - FH Academy","og_description":"&nbsp; Datenschutzrichtlinie Letzte Aktualisierung: 27. Juni 2025 Gem\u00e4\u00df Art. 13 der Verordnung (EU) 2016\/679 (\"DSGVO\") beschreibt diese Richtlinie die Methoden zur Verarbeitung personenbezogener Daten von Nutzern, die die https:\/\/fh.academy Website besuchen. 1. Verantwortlicher f\u00fcr die Datenverarbeitung Der Verantwortliche f\u00fcr die Datenverarbeitung ist die FH Academy, Umsatzsteuer-Identifikationsnummer 08998370962.F\u00fcr alle Anfragen zum Schutz personenbezogener Daten k\u00f6nnen Sie [&hellip;]","og_url":"https:\/\/fh.academy\/de\/datenschutzrichtlinie\/","og_site_name":"FH Academy","article_publisher":"https:\/\/www.facebook.com\/FHAcademyPortoPollo\/","article_modified_time":"2025-06-27T12:41:36+00:00","twitter_card":"summary_large_image","twitter_site":"@fhacademy_it","twitter_misc":{"Gesch\u00e4tzte Lesezeit":"3\u00a0Minuten"},"schema":{"@context":"https:\/\/schema.org","@graph":[{"@type":"WebPage","@id":"https:\/\/fh.academy\/de\/datenschutzrichtlinie\/","url":"https:\/\/fh.academy\/de\/datenschutzrichtlinie\/","name":"Datenschutzrichtlinie - FH Academy","isPartOf":{"@id":"https:\/\/fh.academy\/de\/#website"},"datePublished":"2022-01-03T10:43:05+00:00","dateModified":"2025-06-27T12:41:36+00:00","breadcrumb":{"@id":"https:\/\/fh.academy\/de\/datenschutzrichtlinie\/#breadcrumb"},"inLanguage":"de","potentialAction":[{"@type":"ReadAction","target":["https:\/\/fh.academy\/de\/datenschutzrichtlinie\/"]}]},{"@type":"BreadcrumbList","@id":"https:\/\/fh.academy\/de\/datenschutzrichtlinie\/#breadcrumb","itemListElement":[{"@type":"ListItem","position":1,"name":"Home","item":"https:\/\/fh.academy\/de\/"},{"@type":"ListItem","position":2,"name":"Datenschutzrichtlinie"}]},{"@type":"WebSite","@id":"https:\/\/fh.academy\/de\/#website","url":"https:\/\/fh.academy\/de\/","name":"FH Academy","description":"Scuola Kitesurf e Windsurf in Sardegna","publisher":{"@id":"https:\/\/fh.academy\/de\/#organization"},"potentialAction":[{"@type":"SearchAction","target":{"@type":"EntryPoint","urlTemplate":"https:\/\/fh.academy\/de\/?s={search_term_string}"},"query-input":{"@type":"PropertyValueSpecification","valueRequired":true,"valueName":"search_term_string"}}],"inLanguage":"de"},{"@type":"Organization","@id":"https:\/\/fh.academy\/de\/#organization","name":"FH Academy","url":"https:\/\/fh.academy\/de\/","logo":{"@type":"ImageObject","inLanguage":"de","@id":"https:\/\/fh.academy\/de\/#\/schema\/logo\/image\/","url":"https:\/\/fh.academy\/wp-content\/uploads\/2022\/05\/FH_Sardinia_LOGO_CMYK_rebrand-gocci-singola-5.png","contentUrl":"https:\/\/fh.academy\/wp-content\/uploads\/2022\/05\/FH_Sardinia_LOGO_CMYK_rebrand-gocci-singola-5.png","width":1302,"height":651,"caption":"FH Academy"},"image":{"@id":"https:\/\/fh.academy\/de\/#\/schema\/logo\/image\/"},"sameAs":["https:\/\/www.facebook.com\/FHAcademyPortoPollo\/","https:\/\/x.com\/fhacademy_it","https:\/\/www.instagram.com\/fh_academy\/"]}]}},"_links":{"self":[{"href":"https:\/\/fh.academy\/de\/wp-json\/wp\/v2\/pages\/246217","targetHints":{"allow":["GET"]}}],"collection":[{"href":"https:\/\/fh.academy\/de\/wp-json\/wp\/v2\/pages"}],"about":[{"href":"https:\/\/fh.academy\/de\/wp-json\/wp\/v2\/types\/page"}],"author":[{"embeddable":true,"href":"https:\/\/fh.academy\/de\/wp-json\/wp\/v2\/users\/1"}],"replies":[{"embeddable":true,"href":"https:\/\/fh.academy\/de\/wp-json\/wp\/v2\/comments?post=246217"}],"version-history":[{"count":7,"href":"https:\/\/fh.academy\/de\/wp-json\/wp\/v2\/pages\/246217\/revisions"}],"predecessor-version":[{"id":246225,"href":"https:\/\/fh.academy\/de\/wp-json\/wp\/v2\/pages\/246217\/revisions\/246225"}],"wp:attachment":[{"href":"https:\/\/fh.academy\/de\/wp-json\/wp\/v2\/media?parent=246217"}],"curies":[{"name":"wp","href":"https:\/\/api.w.org\/{rel}","templated":true}]}}