{"id":19390,"date":"2022-02-14T07:54:00","date_gmt":"2022-02-14T07:54:00","guid":{"rendered":"https:\/\/fh.academy\/bootsverleih-sardinien\/"},"modified":"2022-09-26T05:49:09","modified_gmt":"2022-09-26T05:49:09","slug":"bootsverleih-sardinien","status":"publish","type":"page","link":"https:\/\/fh.academy\/de\/bootsverleih-sardinien\/","title":{"rendered":"Bootsverleih Sardinien"},"content":{"rendered":"\n[et_pb_section fb_built=&#8220;1&#8243; fullwidth=&#8220;on&#8220; admin_label=&#8220;Header&#8220; _builder_version=&#8220;4.15&#8243; background_color=&#8220;#b7b9c7&#8243; custom_padding=&#8220;0px|0|0px|0px|false|false&#8220; global_colors_info=&#8220;{}&#8220;][et_pb_fullwidth_header title=&#8220;VERMIETUNG VON BEIBOOTEN&#8220; subhead=&#8220;in Porto Pollo auf Sardinien&#8220; text_orientation=&#8220;center&#8220; button_one_text=&#8220;Kontaktieren Sie uns jetzt!&#8220; button_one_url=&#8220;https:\/\/fh.academy\/de\/kontakte\/&#8220; background_overlay_color=&#8220;rgba(83,90,128,0.3)&#8220; content_max_width=&#8220;90%&#8220; _builder_version=&#8220;4.15.1&#8243; title_font=&#8220;Poppins|700|||||||&#8220; title_text_align=&#8220;center&#8220; title_font_size=&#8220;4vw&#8220; title_line_height=&#8220;1.1em&#8220; content_font=&#8220;Poppins|700|||||||&#8220; content_text_align=&#8220;left&#8220; content_font_size=&#8220;32px&#8220; subhead_font=&#8220;Poppins||||||||&#8220; subhead_text_align=&#8220;center&#8220; subhead_font_size=&#8220;30px&#8220; subhead_line_height=&#8220;2em&#8220; background_color=&#8220;rgba(255,255,255,0)&#8220; background_image=&#8220;https:\/\/fh.academy\/wp-content\/uploads\/2022\/02\/top-noleggio-gommoni.jpg&#8220; parallax=&#8220;on&#8220; parallax_method=&#8220;on&#8220; custom_button_one=&#8220;on&#8220; button_one_text_size=&#8220;17px&#8220; button_one_text_color=&#8220;#ffffff&#8220; button_one_bg_color=&#8220;#ff6b5a&#8220; button_one_border_width=&#8220;7px&#8220; button_one_border_color=&#8220;#ff6b5a&#8220; button_one_border_radius=&#8220;100px&#8220; button_one_font=&#8220;Noto Sans|700||on|||||&#8220; button_one_use_icon=&#8220;off&#8220; custom_margin=&#8220;|||&#8220; custom_padding=&#8220;250px||320px|&#8220; custom_padding_tablet=&#8220;100px|||&#8220; custom_padding_phone=&#8220;&#8220; custom_padding_last_edited=&#8220;on|phone&#8220; animation_style=&#8220;fade&#8220; animation_direction=&#8220;top&#8220; hover_enabled=&#8220;0&#8243; title_font_size_tablet=&#8220;60px&#8220; title_font_size_phone=&#8220;40px&#8220; title_font_size_last_edited=&#8220;on|phone&#8220; subhead_font_size_tablet=&#8220;&#8220; subhead_font_size_phone=&#8220;20px&#8220; subhead_font_size_last_edited=&#8220;on|desktop&#8220; subhead_line_height_tablet=&#8220;&#8220; subhead_line_height_phone=&#8220;1.5em&#8220; subhead_line_height_last_edited=&#8220;on|phone&#8220; button_one_text_color_hover=&#8220;#ffffff&#8220; button_one_border_color_hover=&#8220;#ff9e59&#8243; button_one_border_radius_hover=&#8220;100px&#8220; button_one_bg_color_hover=&#8220;#ff9e59&#8243; global_colors_info=&#8220;{}&#8220; button_one_text_size__hover_enabled=&#8220;off&#8220; button_two_text_size__hover_enabled=&#8220;off&#8220; button_one_text_color__hover_enabled=&#8220;on&#8220; button_one_text_color__hover=&#8220;#ffffff&#8220; button_two_text_color__hover_enabled=&#8220;off&#8220; button_one_border_width__hover_enabled=&#8220;off&#8220; button_two_border_width__hover_enabled=&#8220;off&#8220; button_one_border_color__hover_enabled=&#8220;on&#8220; button_one_border_color__hover=&#8220;#ff9e59&#8243; button_two_border_color__hover_enabled=&#8220;off&#8220; button_one_border_radius__hover_enabled=&#8220;on&#8220; button_one_border_radius__hover=&#8220;100px&#8220; button_two_border_radius__hover_enabled=&#8220;off&#8220; button_one_letter_spacing__hover_enabled=&#8220;off&#8220; button_two_letter_spacing__hover_enabled=&#8220;off&#8220; button_one_bg_color__hover_enabled=&#8220;on&#8220; button_one_bg_color__hover=&#8220;#ff9e59&#8243; button_two_bg_color__hover_enabled=&#8220;off&#8220; sticky_enabled=&#8220;0&#8243;][\/et_pb_fullwidth_header][\/et_pb_section][et_pb_section fb_built=&#8220;1&#8243; _builder_version=&#8220;4.15&#8243; custom_margin=&#8220;||-69px|||&#8220; custom_padding=&#8220;|||&#8220; global_colors_info=&#8220;{}&#8220;][et_pb_row column_structure=&#8220;1_2,1_2&#8243; _builder_version=&#8220;4.15&#8243; custom_padding=&#8220;|||&#8220; global_colors_info=&#8220;{}&#8220;][et_pb_column type=&#8220;1_2&#8243; _builder_version=&#8220;4.15&#8243; custom_padding=&#8220;|||&#8220; global_colors_info=&#8220;{}&#8220; custom_padding__hover=&#8220;|||&#8220;][et_pb_image src=&#8220;https:\/\/fh.academy\/wp-content\/uploads\/2022\/02\/noleggio-gommoni-small.jpg&#8220; title_text=&#8220;Vermietung-Schlauchboote-klein&#8220; align_tablet=&#8220;center&#8220; align_phone=&#8220;center&#8220; align_last_edited=&#8220;on|desktop&#8220; _builder_version=&#8220;4.15&#8243; custom_margin=&#8220;-250px|||&#8220; animation_style=&#8220;slide&#8220; animation_direction=&#8220;bottom&#8220; animation_intensity_slide=&#8220;2%&#8220; border_radii=&#8220;on|3px|3px|3px|3px&#8220; global_colors_info=&#8220;{}&#8220;][\/et_pb_image][\/et_pb_column][et_pb_column type=&#8220;1_2&#8243; _builder_version=&#8220;4.15&#8243; custom_padding=&#8220;|||&#8220; global_colors_info=&#8220;{}&#8220; custom_padding__hover=&#8220;|||&#8220;][et_pb_cta title=&#8220;BOOTSVERMIETUNG IN SARDINIEN&#8220; button_url=&#8220;#TOP&#8220; _builder_version=&#8220;4.15&#8243; header_font=&#8220;Poppins|700|||||||&#8220; header_font_size=&#8220;44px&#8220; header_line_height=&#8220;1.5em&#8220; body_font=&#8220;Poppins||||||||&#8220; body_line_height=&#8220;2em&#8220; use_background_color=&#8220;off&#8220; custom_button=&#8220;on&#8220; button_text_size=&#8220;17px&#8220; button_text_color=&#8220;#ffffff&#8220; button_bg_color=&#8220;#ff6b5a&#8220; button_border_width=&#8220;5px&#8220; button_border_color=&#8220;#ff6b5a&#8220; button_border_radius=&#8220;100px&#8220; button_font=&#8220;Noto Sans|700||on|||||&#8220; button_use_icon=&#8220;off&#8220; text_orientation=&#8220;left&#8220; background_layout=&#8220;light&#8220; custom_margin=&#8220;27px|||||&#8220; header_font_size_tablet=&#8220;&#8220; header_font_size_phone=&#8220;34px&#8220; header_font_size_last_edited=&#8220;on|phone&#8220; button_text_color_hover=&#8220;#ffffff&#8220; button_border_color_hover=&#8220;#ff9e59&#8243; button_bg_color_hover=&#8220;#ff9e59&#8243; global_colors_info=&#8220;{}&#8220; button_text_size__hover_enabled=&#8220;off&#8220; button_one_text_size__hover_enabled=&#8220;off&#8220; button_two_text_size__hover_enabled=&#8220;off&#8220; button_text_color__hover_enabled=&#8220;on&#8220; button_text_color__hover=&#8220;#ffffff&#8220; button_one_text_color__hover_enabled=&#8220;off&#8220; button_two_text_color__hover_enabled=&#8220;off&#8220; button_border_width__hover_enabled=&#8220;off&#8220; button_one_border_width__hover_enabled=&#8220;off&#8220; button_two_border_width__hover_enabled=&#8220;off&#8220; button_border_color__hover_enabled=&#8220;on&#8220; button_border_color__hover=&#8220;#ff9e59&#8243; button_one_border_color__hover_enabled=&#8220;off&#8220; button_two_border_color__hover_enabled=&#8220;off&#8220; button_border_radius__hover_enabled=&#8220;off&#8220; button_one_border_radius__hover_enabled=&#8220;off&#8220; button_two_border_radius__hover_enabled=&#8220;off&#8220; button_letter_spacing__hover_enabled=&#8220;off&#8220; button_one_letter_spacing__hover_enabled=&#8220;off&#8220; button_two_letter_spacing__hover_enabled=&#8220;off&#8220; button_bg_color__hover_enabled=&#8220;on&#8220; button_bg_color__hover=&#8220;#ff9e59&#8243; button_one_bg_color__hover_enabled=&#8220;off&#8220; button_two_bg_color__hover_enabled=&#8220;off&#8220;]<div class=\"main_title_2\">\n<p class=\"readable\"><strong>in Partnerschaft mit MD Service in Palau<\/strong><\/p>\n<\/div>\n<p class=\"readable\">W\u00e4hlen Sie einen Tag abseits der schw\u00fclen und \u00fcberf\u00fcllten Str\u00e4nde. Kommen Sie und entdecken Sie den Archipel von La Maddalena, tun Sie es an Bord eines Schlauchboots mit wem auch immer Sie an Bord haben wollen!<\/p>[\/et_pb_cta][\/et_pb_column][\/et_pb_row][\/et_pb_section][et_pb_section fb_built=&#8220;1&#8243; _builder_version=&#8220;4.15&#8243; _module_preset=&#8220;default&#8220; global_colors_info=&#8220;{}&#8220;][et_pb_row column_structure=&#8220;1_2,1_2&#8243; _builder_version=&#8220;4.15&#8243; _module_preset=&#8220;default&#8220; global_colors_info=&#8220;{}&#8220;][et_pb_column type=&#8220;1_2&#8243; _builder_version=&#8220;4.15&#8243; _module_preset=&#8220;default&#8220; global_colors_info=&#8220;{}&#8220;][et_pb_text _builder_version=&#8220;4.15&#8243; _module_preset=&#8220;default&#8220; global_colors_info=&#8220;{}&#8220;]<p class=\"readable\">Sie k\u00f6nnen w\u00e4hlen zwischen:<br>\u2022 T\u00e4glicher und regelm\u00e4\u00dfiger Bootsverleih<br>\u2022 Beibootverleih mit und ohne Lizenz<br>\u2022 Ausfl\u00fcge mit Skipper<br>\u2022 Personalisierte Ausfl\u00fcge<\/p>\n<p class=\"readable\">Unter der Auswahl an Schlauchbooten, die ohne Bootsf\u00fchrerschein gemietet werden k\u00f6nnen:<br>\u2022 ZAR 43 &#8211; ZAR 47<br>\u2022 QUECKSILBER ACTIV 555<br>\u2022 BWA 19GT SPORT<br>\u2022 FOCCHI 570<\/p>[\/et_pb_text][\/et_pb_column][et_pb_column type=&#8220;1_2&#8243; _builder_version=&#8220;4.15&#8243; _module_preset=&#8220;default&#8220; global_colors_info=&#8220;{}&#8220;][et_pb_text _builder_version=&#8220;4.15&#8243; _module_preset=&#8220;default&#8220; global_colors_info=&#8220;{}&#8220;]<p><span>Unter der Auswahl an Schlauchbooten, die mit einem Bootsf\u00fchrerschein gemietet werden k\u00f6nnen:<\/span><br><span>\u2022 MARLIN 630<\/span><br><span>\u2022 BWA 22 GT SPORT<\/span><br><span>\u2022 BWA 25 SPORT<\/span><br><span>\u2022 ZAR 61<\/span><br><span>\u2022 MARLIN 24SR<\/span><br><span>\u2022 BWA 26 GT<\/span><br><span>\u2022 BWA 28<\/span><br><span>\u2022 BWA 30<\/span><br><span>\u2022 FLYER 34&#8243;<\/span><\/p>[\/et_pb_text][\/et_pb_column][\/et_pb_row][et_pb_row _builder_version=&#8220;4.15&#8243; _module_preset=&#8220;default&#8220; global_colors_info=&#8220;{}&#8220;][et_pb_column type=&#8220;4_4&#8243; _builder_version=&#8220;4.15&#8243; _module_preset=&#8220;default&#8220; global_colors_info=&#8220;{}&#8220;][et_pb_text _builder_version=&#8220;4.15&#8243; _module_preset=&#8220;default&#8220; global_colors_info=&#8220;{}&#8220;]<p><span>Es ist m\u00f6glich, das Angebot an Schlauchbooten und Booten, die zum Verleih zur Verf\u00fcgung stehen, direkt auf der <\/span><a href=\"https:\/\/www.gommonipalau.it\/\" target=\"_blank\" rel=\"noopener\">MD Service-Website<\/a> zu sehen <span> oder die +393667404712-Nummer anzurufen, um Informationen zu den f\u00fcr Sie angenehmsten Modellen anzufordern.<\/span><\/p>[\/et_pb_text][\/et_pb_column][\/et_pb_row][\/et_pb_section]\n","protected":false},"excerpt":{"rendered":"<p>in Partnerschaft mit MD Service in Palau W\u00e4hlen Sie einen Tag abseits der schw\u00fclen und \u00fcberf\u00fcllten Str\u00e4nde. Kommen Sie und entdecken Sie den Archipel von La Maddalena, tun Sie es an Bord eines Schlauchboots mit wem auch immer Sie an Bord haben wollen!Sie k\u00f6nnen w\u00e4hlen zwischen:\u2022 T\u00e4glicher und regelm\u00e4\u00dfiger Bootsverleih\u2022 Beibootverleih mit und ohne Lizenz\u2022 [&hellip;]<\/p>\n","protected":false},"author":1,"featured_media":0,"parent":0,"menu_order":0,"comment_status":"closed","ping_status":"closed","template":"","meta":{"_et_pb_use_builder":"on","_et_pb_old_content":"","_et_gb_content_width":"","_joinchat":[],"footnotes":""},"class_list":["post-19390","page","type-page","status-publish","hentry"],"yoast_head":"<!-- This site is optimized with the Yoast SEO plugin v27.2 - https:\/\/yoast.com\/product\/yoast-seo-wordpress\/ -->\n<title>Bootsverleih Sardinien - FH Academy<\/title>\n<meta name=\"description\" content=\"Vermietung von Beibooten in Partnerschaft mit MD Service in Palau, Sardinien. Kommen Sie und entdecken Sie mit der FH Academy den Archipel von La Maddalena.\" \/>\n<meta name=\"robots\" content=\"index, follow, max-snippet:-1, max-image-preview:large, max-video-preview:-1\" \/>\n<link rel=\"canonical\" href=\"https:\/\/fh.academy\/de\/bootsverleih-sardinien\/\" \/>\n<meta property=\"og:locale\" content=\"de_DE\" \/>\n<meta property=\"og:type\" content=\"article\" \/>\n<meta property=\"og:title\" content=\"Bootsverleih Sardinien - FH Academy\" \/>\n<meta property=\"og:description\" content=\"Vermietung von Beibooten in Partnerschaft mit MD Service in Palau, Sardinien. Kommen Sie und entdecken Sie mit der FH Academy den Archipel von La Maddalena.\" \/>\n<meta property=\"og:url\" content=\"https:\/\/fh.academy\/de\/bootsverleih-sardinien\/\" \/>\n<meta property=\"og:site_name\" content=\"FH Academy\" \/>\n<meta property=\"article:publisher\" content=\"https:\/\/www.facebook.com\/FHAcademyPortoPollo\/\" \/>\n<meta property=\"article:modified_time\" content=\"2022-09-26T05:49:09+00:00\" \/>\n<meta name=\"twitter:card\" content=\"summary_large_image\" \/>\n<meta name=\"twitter:site\" content=\"@fhacademy_it\" \/>\n<meta name=\"twitter:label1\" content=\"Gesch\u00e4tzte Lesezeit\" \/>\n\t<meta name=\"twitter:data1\" content=\"6\u00a0Minuten\" \/>\n<script type=\"application\/ld+json\" class=\"yoast-schema-graph\">{\"@context\":\"https:\/\/schema.org\",\"@graph\":[{\"@type\":\"WebPage\",\"@id\":\"https:\/\/fh.academy\/de\/bootsverleih-sardinien\/\",\"url\":\"https:\/\/fh.academy\/de\/bootsverleih-sardinien\/\",\"name\":\"Bootsverleih Sardinien - FH Academy\",\"isPartOf\":{\"@id\":\"https:\/\/fh.academy\/de\/#website\"},\"datePublished\":\"2022-02-14T07:54:00+00:00\",\"dateModified\":\"2022-09-26T05:49:09+00:00\",\"description\":\"Vermietung von Beibooten in Partnerschaft mit MD Service in Palau, Sardinien. Kommen Sie und entdecken Sie mit der FH Academy den Archipel von La Maddalena.\",\"breadcrumb\":{\"@id\":\"https:\/\/fh.academy\/de\/bootsverleih-sardinien\/#breadcrumb\"},\"inLanguage\":\"de\",\"potentialAction\":[{\"@type\":\"ReadAction\",\"target\":[\"https:\/\/fh.academy\/de\/bootsverleih-sardinien\/\"]}]},{\"@type\":\"BreadcrumbList\",\"@id\":\"https:\/\/fh.academy\/de\/bootsverleih-sardinien\/#breadcrumb\",\"itemListElement\":[{\"@type\":\"ListItem\",\"position\":1,\"name\":\"Home\",\"item\":\"https:\/\/fh.academy\/de\/\"},{\"@type\":\"ListItem\",\"position\":2,\"name\":\"Bootsverleih Sardinien\"}]},{\"@type\":\"WebSite\",\"@id\":\"https:\/\/fh.academy\/de\/#website\",\"url\":\"https:\/\/fh.academy\/de\/\",\"name\":\"FH Academy\",\"description\":\"Scuola Kitesurf e Windsurf in Sardegna\",\"publisher\":{\"@id\":\"https:\/\/fh.academy\/de\/#organization\"},\"potentialAction\":[{\"@type\":\"SearchAction\",\"target\":{\"@type\":\"EntryPoint\",\"urlTemplate\":\"https:\/\/fh.academy\/de\/?s={search_term_string}\"},\"query-input\":{\"@type\":\"PropertyValueSpecification\",\"valueRequired\":true,\"valueName\":\"search_term_string\"}}],\"inLanguage\":\"de\"},{\"@type\":\"Organization\",\"@id\":\"https:\/\/fh.academy\/de\/#organization\",\"name\":\"FH Academy\",\"url\":\"https:\/\/fh.academy\/de\/\",\"logo\":{\"@type\":\"ImageObject\",\"inLanguage\":\"de\",\"@id\":\"https:\/\/fh.academy\/de\/#\/schema\/logo\/image\/\",\"url\":\"https:\/\/fh.academy\/wp-content\/uploads\/2022\/05\/FH_Sardinia_LOGO_CMYK_rebrand-gocci-singola-5.png\",\"contentUrl\":\"https:\/\/fh.academy\/wp-content\/uploads\/2022\/05\/FH_Sardinia_LOGO_CMYK_rebrand-gocci-singola-5.png\",\"width\":1302,\"height\":651,\"caption\":\"FH Academy\"},\"image\":{\"@id\":\"https:\/\/fh.academy\/de\/#\/schema\/logo\/image\/\"},\"sameAs\":[\"https:\/\/www.facebook.com\/FHAcademyPortoPollo\/\",\"https:\/\/x.com\/fhacademy_it\",\"https:\/\/www.instagram.com\/fh_academy\/\"]}]}<\/script>\n<!-- \/ Yoast SEO plugin. -->","yoast_head_json":{"title":"Bootsverleih Sardinien - FH Academy","description":"Vermietung von Beibooten in Partnerschaft mit MD Service in Palau, Sardinien. Kommen Sie und entdecken Sie mit der FH Academy den Archipel von La Maddalena.","robots":{"index":"index","follow":"follow","max-snippet":"max-snippet:-1","max-image-preview":"max-image-preview:large","max-video-preview":"max-video-preview:-1"},"canonical":"https:\/\/fh.academy\/de\/bootsverleih-sardinien\/","og_locale":"de_DE","og_type":"article","og_title":"Bootsverleih Sardinien - FH Academy","og_description":"Vermietung von Beibooten in Partnerschaft mit MD Service in Palau, Sardinien. Kommen Sie und entdecken Sie mit der FH Academy den Archipel von La Maddalena.","og_url":"https:\/\/fh.academy\/de\/bootsverleih-sardinien\/","og_site_name":"FH Academy","article_publisher":"https:\/\/www.facebook.com\/FHAcademyPortoPollo\/","article_modified_time":"2022-09-26T05:49:09+00:00","twitter_card":"summary_large_image","twitter_site":"@fhacademy_it","twitter_misc":{"Gesch\u00e4tzte Lesezeit":"6\u00a0Minuten"},"schema":{"@context":"https:\/\/schema.org","@graph":[{"@type":"WebPage","@id":"https:\/\/fh.academy\/de\/bootsverleih-sardinien\/","url":"https:\/\/fh.academy\/de\/bootsverleih-sardinien\/","name":"Bootsverleih Sardinien - FH Academy","isPartOf":{"@id":"https:\/\/fh.academy\/de\/#website"},"datePublished":"2022-02-14T07:54:00+00:00","dateModified":"2022-09-26T05:49:09+00:00","description":"Vermietung von Beibooten in Partnerschaft mit MD Service in Palau, Sardinien. Kommen Sie und entdecken Sie mit der FH Academy den Archipel von La Maddalena.","breadcrumb":{"@id":"https:\/\/fh.academy\/de\/bootsverleih-sardinien\/#breadcrumb"},"inLanguage":"de","potentialAction":[{"@type":"ReadAction","target":["https:\/\/fh.academy\/de\/bootsverleih-sardinien\/"]}]},{"@type":"BreadcrumbList","@id":"https:\/\/fh.academy\/de\/bootsverleih-sardinien\/#breadcrumb","itemListElement":[{"@type":"ListItem","position":1,"name":"Home","item":"https:\/\/fh.academy\/de\/"},{"@type":"ListItem","position":2,"name":"Bootsverleih Sardinien"}]},{"@type":"WebSite","@id":"https:\/\/fh.academy\/de\/#website","url":"https:\/\/fh.academy\/de\/","name":"FH Academy","description":"Scuola Kitesurf e Windsurf in Sardegna","publisher":{"@id":"https:\/\/fh.academy\/de\/#organization"},"potentialAction":[{"@type":"SearchAction","target":{"@type":"EntryPoint","urlTemplate":"https:\/\/fh.academy\/de\/?s={search_term_string}"},"query-input":{"@type":"PropertyValueSpecification","valueRequired":true,"valueName":"search_term_string"}}],"inLanguage":"de"},{"@type":"Organization","@id":"https:\/\/fh.academy\/de\/#organization","name":"FH Academy","url":"https:\/\/fh.academy\/de\/","logo":{"@type":"ImageObject","inLanguage":"de","@id":"https:\/\/fh.academy\/de\/#\/schema\/logo\/image\/","url":"https:\/\/fh.academy\/wp-content\/uploads\/2022\/05\/FH_Sardinia_LOGO_CMYK_rebrand-gocci-singola-5.png","contentUrl":"https:\/\/fh.academy\/wp-content\/uploads\/2022\/05\/FH_Sardinia_LOGO_CMYK_rebrand-gocci-singola-5.png","width":1302,"height":651,"caption":"FH Academy"},"image":{"@id":"https:\/\/fh.academy\/de\/#\/schema\/logo\/image\/"},"sameAs":["https:\/\/www.facebook.com\/FHAcademyPortoPollo\/","https:\/\/x.com\/fhacademy_it","https:\/\/www.instagram.com\/fh_academy\/"]}]}},"_links":{"self":[{"href":"https:\/\/fh.academy\/de\/wp-json\/wp\/v2\/pages\/19390","targetHints":{"allow":["GET"]}}],"collection":[{"href":"https:\/\/fh.academy\/de\/wp-json\/wp\/v2\/pages"}],"about":[{"href":"https:\/\/fh.academy\/de\/wp-json\/wp\/v2\/types\/page"}],"author":[{"embeddable":true,"href":"https:\/\/fh.academy\/de\/wp-json\/wp\/v2\/users\/1"}],"replies":[{"embeddable":true,"href":"https:\/\/fh.academy\/de\/wp-json\/wp\/v2\/comments?post=19390"}],"version-history":[{"count":5,"href":"https:\/\/fh.academy\/de\/wp-json\/wp\/v2\/pages\/19390\/revisions"}],"predecessor-version":[{"id":244924,"href":"https:\/\/fh.academy\/de\/wp-json\/wp\/v2\/pages\/19390\/revisions\/244924"}],"wp:attachment":[{"href":"https:\/\/fh.academy\/de\/wp-json\/wp\/v2\/media?parent=19390"}],"curies":[{"name":"wp","href":"https:\/\/api.w.org\/{rel}","templated":true}]}}