{"id":19334,"date":"2022-02-13T11:54:08","date_gmt":"2022-02-13T11:54:08","guid":{"rendered":"https:\/\/fh.academy\/kitesurf-fuchs-bucht\/"},"modified":"2022-03-24T07:44:02","modified_gmt":"2022-03-24T07:44:02","slug":"kitesurf-fuchs-bucht","status":"publish","type":"page","link":"https:\/\/fh.academy\/de\/kitesurf-fuchs-bucht\/","title":{"rendered":"Kitesurf Fuchs Bucht"},"content":{"rendered":"<p>[et_pb_section fb_built=&#8220;1&#8243; fullwidth=&#8220;on&#8220; admin_label=&#8220;Header&#8220; _builder_version=&#8220;4.15&#8243; background_color=&#8220;#b7b9c7&#8243; custom_padding=&#8220;0px|0|0px|0px|false|false&#8220; global_colors_info=&#8220;{}&#8220;][et_pb_fullwidth_header title=&#8220;KITESURF CALA DI VOLPE&#8220; subhead=&#8220;Costa Smeralda&#8220; text_orientation=&#8220;center&#8220; button_one_text=&#8220;Buchen Sie eine Lektion!&#8220; button_one_url=&#8220;https:\/\/fh.academy\/de\/kontakte\/&#8220; background_overlay_color=&#8220;rgba(83,90,128,0.3)&#8220; content_max_width=&#8220;90%&#8220; _builder_version=&#8220;4.15.1&#8243; title_font=&#8220;Poppins|700|||||||&#8220; title_text_align=&#8220;center&#8220; title_font_size=&#8220;4vw&#8220; title_line_height=&#8220;1.1em&#8220; content_font=&#8220;Noto Serif|700|||||||&#8220; content_text_align=&#8220;left&#8220; content_font_size=&#8220;32px&#8220; subhead_font=&#8220;Poppins||||||||&#8220; subhead_text_align=&#8220;center&#8220; subhead_font_size=&#8220;30px&#8220; subhead_line_height=&#8220;2em&#8220; background_color=&#8220;rgba(255,255,255,0)&#8220; background_image=&#8220;https:\/\/fh.academy\/wp-content\/uploads\/2022\/02\/top-kitesurf-in-caladivolpe.jpg&#8220; parallax=&#8220;on&#8220; parallax_method=&#8220;on&#8220; custom_button_one=&#8220;on&#8220; button_one_text_size=&#8220;17px&#8220; button_one_text_color=&#8220;#ffffff&#8220; button_one_bg_color=&#8220;#ff6b5a&#8220; button_one_border_width=&#8220;7px&#8220; button_one_border_color=&#8220;#ff6b5a&#8220; button_one_border_radius=&#8220;100px&#8220; button_one_font=&#8220;Noto Sans|700||on|||||&#8220; button_one_use_icon=&#8220;off&#8220; custom_margin=&#8220;|||&#8220; custom_padding=&#8220;250px||320px|&#8220; custom_padding_tablet=&#8220;100px|||&#8220; custom_padding_phone=&#8220;&#8220; custom_padding_last_edited=&#8220;on|phone&#8220; animation_style=&#8220;fade&#8220; animation_direction=&#8220;top&#8220; hover_enabled=&#8220;0&#8243; title_font_size_tablet=&#8220;60px&#8220; title_font_size_phone=&#8220;30px&#8220; title_font_size_last_edited=&#8220;on|desktop&#8220; subhead_font_size_tablet=&#8220;&#8220; subhead_font_size_phone=&#8220;20px&#8220; subhead_font_size_last_edited=&#8220;on|desktop&#8220; subhead_line_height_tablet=&#8220;&#8220; subhead_line_height_phone=&#8220;1.5em&#8220; subhead_line_height_last_edited=&#8220;on|phone&#8220; button_one_text_color_hover=&#8220;#ffffff&#8220; button_one_border_color_hover=&#8220;#ff9e59&#8243; button_one_border_radius_hover=&#8220;100px&#8220; button_one_bg_color_hover=&#8220;#ff9e59&#8243; global_colors_info=&#8220;{}&#8220; button_one_text_size__hover_enabled=&#8220;off&#8220; button_two_text_size__hover_enabled=&#8220;off&#8220; button_one_text_color__hover_enabled=&#8220;on&#8220; button_one_text_color__hover=&#8220;#ffffff&#8220; button_two_text_color__hover_enabled=&#8220;off&#8220; button_one_border_width__hover_enabled=&#8220;off&#8220; button_two_border_width__hover_enabled=&#8220;off&#8220; button_one_border_color__hover_enabled=&#8220;on&#8220; button_one_border_color__hover=&#8220;#ff9e59&#8243; button_two_border_color__hover_enabled=&#8220;off&#8220; button_one_border_radius__hover_enabled=&#8220;on&#8220; button_one_border_radius__hover=&#8220;100px&#8220; button_two_border_radius__hover_enabled=&#8220;off&#8220; button_one_letter_spacing__hover_enabled=&#8220;off&#8220; button_two_letter_spacing__hover_enabled=&#8220;off&#8220; button_one_bg_color__hover_enabled=&#8220;on&#8220; button_one_bg_color__hover=&#8220;#ff9e59&#8243; button_two_bg_color__hover_enabled=&#8220;off&#8220; sticky_enabled=&#8220;0&#8243;][\/et_pb_fullwidth_header][\/et_pb_section][et_pb_section fb_built=&#8220;1&#8243; _builder_version=&#8220;4.15&#8243; custom_margin=&#8220;||-69px|||&#8220; custom_padding=&#8220;|||&#8220; global_colors_info=&#8220;{}&#8220;][et_pb_row column_structure=&#8220;1_2,1_2&#8243; _builder_version=&#8220;4.15&#8243; custom_padding=&#8220;|||&#8220; global_colors_info=&#8220;{}&#8220;][et_pb_column type=&#8220;1_2&#8243; _builder_version=&#8220;4.15&#8243; custom_padding=&#8220;|||&#8220; global_colors_info=&#8220;{}&#8220; custom_padding__hover=&#8220;|||&#8220;][et_pb_image src=&#8220;https:\/\/fh.academy\/wp-content\/uploads\/2022\/02\/top3-kitesurf-in-sardegna.jpg&#8220; title_text=&#8220;top3-kitesurf-in-sardinien&#8220; align_tablet=&#8220;center&#8220; align_phone=&#8220;center&#8220; align_last_edited=&#8220;on|desktop&#8220; _builder_version=&#8220;4.15&#8243; custom_margin=&#8220;-250px|||&#8220; animation_style=&#8220;slide&#8220; animation_direction=&#8220;bottom&#8220; animation_intensity_slide=&#8220;2%&#8220; border_radii=&#8220;on|3px|3px|3px|3px&#8220; box_shadow_style=&#8220;preset3&#8243; global_colors_info=&#8220;{}&#8220;][\/et_pb_image][\/et_pb_column][et_pb_column type=&#8220;1_2&#8243; _builder_version=&#8220;4.15&#8243; custom_padding=&#8220;|||&#8220; global_colors_info=&#8220;{}&#8220; custom_padding__hover=&#8220;|||&#8220;][et_pb_cta title=&#8220;CALA DI VOLPE AN DER COSTA SMERALDA&#8220; button_url=&#8220;#TOP&#8220; _builder_version=&#8220;4.15.1&#8243; header_font=&#8220;Poppins|700|||||||&#8220; header_font_size=&#8220;40px&#8220; header_line_height=&#8220;1.2em&#8220; body_font=&#8220;Poppins||||||||&#8220; body_line_height=&#8220;2em&#8220; use_background_color=&#8220;off&#8220; custom_button=&#8220;on&#8220; button_text_size=&#8220;17px&#8220; button_text_color=&#8220;#ffffff&#8220; button_bg_color=&#8220;#ff6b5a&#8220; button_border_width=&#8220;5px&#8220; button_border_color=&#8220;#ff6b5a&#8220; button_border_radius=&#8220;100px&#8220; button_font=&#8220;Noto Sans|700||on|||||&#8220; button_use_icon=&#8220;off&#8220; text_orientation=&#8220;left&#8220; background_layout=&#8220;light&#8220; custom_margin=&#8220;27px|||||&#8220; hover_enabled=&#8220;0&#8243; header_font_size_tablet=&#8220;&#8220; header_font_size_phone=&#8220;30px&#8220; header_font_size_last_edited=&#8220;on|phone&#8220; button_text_color_hover=&#8220;#ffffff&#8220; button_border_color_hover=&#8220;#ff9e59&#8243; button_bg_color_hover=&#8220;#ff9e59&#8243; global_colors_info=&#8220;{}&#8220; button_text_size__hover_enabled=&#8220;off&#8220; button_one_text_size__hover_enabled=&#8220;off&#8220; button_two_text_size__hover_enabled=&#8220;off&#8220; button_text_color__hover_enabled=&#8220;on&#8220; button_text_color__hover=&#8220;#ffffff&#8220; button_one_text_color__hover_enabled=&#8220;off&#8220; button_two_text_color__hover_enabled=&#8220;off&#8220; button_border_width__hover_enabled=&#8220;off&#8220; button_one_border_width__hover_enabled=&#8220;off&#8220; button_two_border_width__hover_enabled=&#8220;off&#8220; button_border_color__hover_enabled=&#8220;on&#8220; button_border_color__hover=&#8220;#ff9e59&#8243; button_one_border_color__hover_enabled=&#8220;off&#8220; button_two_border_color__hover_enabled=&#8220;off&#8220; button_border_radius__hover_enabled=&#8220;off&#8220; button_one_border_radius__hover_enabled=&#8220;off&#8220; button_two_border_radius__hover_enabled=&#8220;off&#8220; button_letter_spacing__hover_enabled=&#8220;off&#8220; button_one_letter_spacing__hover_enabled=&#8220;off&#8220; button_two_letter_spacing__hover_enabled=&#8220;off&#8220; button_bg_color__hover_enabled=&#8220;on&#8220; button_bg_color__hover=&#8220;#ff9e59&#8243; button_one_bg_color__hover_enabled=&#8220;off&#8220; button_two_bg_color__hover_enabled=&#8220;off&#8220; sticky_enabled=&#8220;0&#8243; header_text_align_last_edited=&#8220;on|phone&#8220; header_text_align_phone=&#8220;center&#8220;]<\/p>\n<p class=\"readable\"><span>In der luxuri\u00f6sesten Bucht Europas, vor dem ber\u00fchmten Hotel Cala di Volpe, wird die erste Realit\u00e4t des Luxus-Kitesurfens an der Costa Smeralda geboren. An Bord ausger\u00fcstete Boote, mit hoch ausgew\u00e4hlten Instruktoren und erstklassiger Ausr\u00fcstung, die die h\u00f6chsten Sicherheitsstandards erf\u00fcllen. Wir arbeiten in extremer Sicherheit, um das angenehmste Kitesurferlebnis auf dem Markt zu gew\u00e4hrleisten.<\/span><\/p>\n<p>[\/et_pb_cta][\/et_pb_column][\/et_pb_row][\/et_pb_section][et_pb_section fb_built=&#8220;1&#8243; _builder_version=&#8220;4.15&#8243; _module_preset=&#8220;default&#8220; global_colors_info=&#8220;{}&#8220;][et_pb_row _builder_version=&#8220;4.15&#8243; _module_preset=&#8220;default&#8220; global_colors_info=&#8220;{}&#8220;][et_pb_column type=&#8220;4_4&#8243; _builder_version=&#8220;4.15&#8243; _module_preset=&#8220;default&#8220; global_colors_info=&#8220;{}&#8220;][et_pb_text _builder_version=&#8220;4.15.1&#8243; _module_preset=&#8220;default&#8220; text_font=&#8220;Poppins||||||||&#8220; hover_enabled=&#8220;0&#8243; global_colors_info=&#8220;{}&#8220; sticky_enabled=&#8220;0&#8243;]<\/p>\n<p class=\"readable\">Es ist ein Eins-zu-Eins-Service, bei dem der Kunde von einem engagierten Instruktor und einem Assistenten f\u00fcr Seebergungen unterst\u00fctzt wird.<\/p>\n<p class=\"readable\">Dies garantiert ein vollst\u00e4ndiges Immersionserlebnis, ohne Zeit vom Anfang bis zum Ende des Unterrichts zu verschwenden.<\/p>\n<p class=\"readable\">Der Service ist vollst\u00e4ndig anpassbar und erf\u00fcllt die Bed\u00fcrfnisse aller Kunden. Ein nachfolgender Service wird auf Anfrage angeboten (engagierter Tageslehrer auf Privat- und \/ oder Ausw\u00e4rtsbooten).<\/p>\n<p class=\"readable\">FH Akademie | Jeep\u00ae Official Kitesurf Center ist die einzige Realit\u00e4t in Europa, die von Jeep\u00ae gesponsert wird. Wir verwenden nur die besten Materialien auf dem Markt wie Dual-Communication-Funkhelme und Cabrinha \/ NP-Materialien. Den besten Service auf dem Markt finden Sie bei uns im karibischen Wasser der Costa Smeralda.<\/p>\n<p class=\"readable\">Wir verwenden nur neue Materialien der besten Marken, bei den h\u00f6chsten Standards an St\u00e4rke und Sicherheit:<span> <\/span><a href=\"https:\/\/corekites.com\/it\" target=\"_blank\" rel=\"noopener\">CORE<\/a>,<span> <\/span><a href=\"http:\/\/jp-australia.com\/2017\/intro\/\" target=\"_blank\" rel=\"noopener\">JP Australia<\/a>.<\/p>\n<p class=\"readable\"><a href=\"https:\/\/www.bbtalkin.com\/\" target=\"_blank\" rel=\"noopener\">Bb Talkin&#8216;<span> <\/span><\/a>professionelle<span> <\/span> Funkhelme f\u00fcr optimale Kommunikation zwischen Sch\u00fcler und Lehrer<\/p>\n<p>[\/et_pb_text][\/et_pb_column][\/et_pb_row][\/et_pb_section][et_pb_section fb_built=&#8220;1&#8243; disabled_on=&#8220;off|off|off&#8220; admin_label=&#8220;Follow Along&#8220; _builder_version=&#8220;4.15.1&#8243; use_background_color_gradient=&#8220;on&#8220; background_color_gradient_start=&#8220;#ffffff&#8220; background_color_gradient_end=&#8220;rgba(255,255,255,0)&#8220; background_color_gradient_end_position=&#8220;52%&#8220; background_color_gradient_overlays_image=&#8220;on&#8220; background_image=&#8220;https:\/\/fh.academy\/wp-content\/uploads\/2022\/02\/dont-miss-the-wind-shop.jpg&#8220; background_position=&#8220;center_right&#8220; custom_padding=&#8220;||34vw|&#8220; global_colors_info=&#8220;{}&#8220;][et_pb_row column_structure=&#8220;1_4,1_2,1_4&#8243; module_class=&#8220; et_pb_row_fullwidth&#8220; _builder_version=&#8220;4.15&#8243; width=&#8220;89%&#8220; width_tablet=&#8220;80%&#8220; width_phone=&#8220;80%&#8220; width_last_edited=&#8220;on|desktop&#8220; max_width=&#8220;89%&#8220; max_width_tablet=&#8220;80%&#8220; max_width_phone=&#8220;80%&#8220; max_width_last_edited=&#8220;on|desktop&#8220; custom_margin=&#8220;0px|||&#8220; custom_padding=&#8220;|||&#8220; make_fullwidth=&#8220;on&#8220; global_colors_info=&#8220;{}&#8220;][et_pb_column type=&#8220;1_4&#8243; _builder_version=&#8220;4.15&#8243; custom_padding=&#8220;|||&#8220; global_colors_info=&#8220;{}&#8220; custom_padding__hover=&#8220;|||&#8220;][\/et_pb_column][et_pb_column type=&#8220;1_2&#8243; _builder_version=&#8220;4.15&#8243; custom_padding=&#8220;|||&#8220; global_colors_info=&#8220;{}&#8220; custom_padding__hover=&#8220;|||&#8220;][et_pb_signup mailchimp_list=&#8220;SlavaET|03dac884f0&#8243; first_name_field=&#8220;off&#8220; last_name_field=&#8220;off&#8220; title=&#8220;Verpassen Sie nicht den Wind!&#8220; description=&#8220;<\/p>\n<p><span>Egal, ob Sie ein %22Anf\u00e4nger%22 oder ein %22Fortgeschrittener%22 sind, wir werden Ihre Erfahrung unvergesslich machen.<\/span><\/p>\n<p>&#8220; _builder_version=&#8220;4.15.1&#8243; form_field_background_color=&#8220;#ffffff&#8220; form_field_text_color=&#8220;#929292&#8243; form_field_focus_background_color=&#8220;#000000&#8243; header_font=&#8220;Poppins|700|||||||&#8220; header_text_align=&#8220;center&#8220; header_font_size=&#8220;50px&#8220; header_line_height=&#8220;1.5em&#8220; body_font=&#8220;Poppins||||||||&#8220; body_font_size=&#8220;17px&#8220; body_line_height=&#8220;2em&#8220; result_message_font=&#8220;Noto Sans||||||||&#8220; result_message_font_size=&#8220;17px&#8220; use_background_color=&#8220;off&#8220; custom_button=&#8220;on&#8220; button_text_size=&#8220;17px&#8220; button_text_color=&#8220;#ffffff&#8220; button_bg_color=&#8220;#ff6b5a&#8220; button_border_width=&#8220;10px&#8220; button_border_color=&#8220;#ff6b5a&#8220; button_border_radius=&#8220;100px&#8220; button_font=&#8220;Noto Sans|700||on|||||&#8220; button_use_icon=&#8220;off&#8220; text_orientation=&#8220;center&#8220; background_layout=&#8220;light&#8220; module_alignment=&#8220;center&#8220; animation_style=&#8220;fade&#8220; header_font_size_tablet=&#8220;&#8220; header_font_size_phone=&#8220;40px&#8220; header_font_size_last_edited=&#8220;on|phone&#8220; border_radii_fields=&#8220;on|100px|100px|100px|100px&#8220; border_width_all_fields=&#8220;6px&#8220; border_color_all_fields=&#8220;#ffffff&#8220; box_shadow_style_fields=&#8220;preset1&#8243; box_shadow_vertical_fields=&#8220;52px&#8220; box_shadow_blur_fields=&#8220;80px&#8220; box_shadow_color_fields=&#8220;3px&#8220; button_text_color_hover=&#8220;#ffffff&#8220; button_border_color_hover=&#8220;#ff9e59&#8243; button_border_radius_hover=&#8220;100px&#8220; button_bg_color_hover=&#8220;#ff9e59&#8243; focus_background_color=&#8220;#000000&#8243; global_colors_info=&#8220;{}&#8220; button_text_size__hover_enabled=&#8220;off&#8220; button_one_text_size__hover_enabled=&#8220;off&#8220; button_two_text_size__hover_enabled=&#8220;off&#8220; button_text_color__hover_enabled=&#8220;on&#8220; button_text_color__hover=&#8220;#ffffff&#8220; button_one_text_color__hover_enabled=&#8220;off&#8220; button_two_text_color__hover_enabled=&#8220;off&#8220; button_border_width__hover_enabled=&#8220;off&#8220; button_one_border_width__hover_enabled=&#8220;off&#8220; button_two_border_width__hover_enabled=&#8220;off&#8220; button_border_color__hover_enabled=&#8220;on&#8220; button_border_color__hover=&#8220;#ff9e59&#8243; button_one_border_color__hover_enabled=&#8220;off&#8220; button_two_border_color__hover_enabled=&#8220;off&#8220; button_border_radius__hover_enabled=&#8220;on&#8220; button_border_radius__hover=&#8220;100px&#8220; button_one_border_radius__hover_enabled=&#8220;off&#8220; button_two_border_radius__hover_enabled=&#8220;off&#8220; button_letter_spacing__hover_enabled=&#8220;off&#8220; button_one_letter_spacing__hover_enabled=&#8220;off&#8220; button_two_letter_spacing__hover_enabled=&#8220;off&#8220; button_bg_color__hover_enabled=&#8220;on&#8220; button_bg_color__hover=&#8220;#ff9e59&#8243; button_one_bg_color__hover_enabled=&#8220;off&#8220; button_two_bg_color__hover_enabled=&#8220;off&#8220;]Lorem ipsum dolor sit amet, consectetur adipiscing elit, sed do eiusmod tempor incididunt ut labore et dolore magna aliqua. Ut enim ad minim veniam.<br \/>\n[\/et_pb_signup][et_pb_social_media_follow _builder_version=&#8220;4.15.1&#8243; text_orientation=&#8220;center&#8220; background_layout=&#8220;dark&#8220; module_alignment=&#8220;right&#8220; custom_margin=&#8220;|||&#8220; animation_style=&#8220;slide&#8220; animation_direction=&#8220;top&#8220; border_radii=&#8220;on|100%|100%|100%|100%&#8220; global_colors_info=&#8220;{}&#8220;][et_pb_social_media_follow_network social_network=&#8220;facebook&#8220; _builder_version=&#8220;3.2.1&#8243; background_color=&#8220;rgba(0,0,0,0.1)&#8220; custom_margin=&#8220;|10px||10px||true&#8220; custom_padding=&#8220;10px|10px|10px|10px|true|true&#8220; global_colors_info=&#8220;{}&#8220; follow_button=&#8220;off&#8220; url_new_window=&#8220;on&#8220;]facebook[\/et_pb_social_media_follow_network][et_pb_social_media_follow_network social_network=&#8220;instagram&#8220; _builder_version=&#8220;3.2.1&#8243; background_color=&#8220;rgba(0,0,0,0.1)&#8220; custom_margin=&#8220;|10px||10px||true&#8220; custom_padding=&#8220;10px|10px|10px|10px|true|true&#8220; global_colors_info=&#8220;{}&#8220; follow_button=&#8220;off&#8220; url_new_window=&#8220;on&#8220;]instagram[\/et_pb_social_media_follow_network][et_pb_social_media_follow_network social_network=&#8220;twitter&#8220; _builder_version=&#8220;3.2.1&#8243; background_color=&#8220;rgba(0,0,0,0.1)&#8220; custom_margin=&#8220;|10px||10px||true&#8220; custom_padding=&#8220;10px|10px|10px|10px|true|true&#8220; global_colors_info=&#8220;{}&#8220; follow_button=&#8220;off&#8220; url_new_window=&#8220;on&#8220;]twitter[\/et_pb_social_media_follow_network][\/et_pb_social_media_follow][\/et_pb_column][et_pb_column type=&#8220;1_4&#8243; _builder_version=&#8220;4.15&#8243; custom_padding=&#8220;|||&#8220; global_colors_info=&#8220;{}&#8220; custom_padding__hover=&#8220;|||&#8220;][\/et_pb_column][\/et_pb_row][\/et_pb_section]<\/p>\n","protected":false},"excerpt":{"rendered":"<p>In der luxuri\u00f6sesten Bucht Europas, vor dem ber\u00fchmten Hotel Cala di Volpe, wird die erste Realit\u00e4t des Luxus-Kitesurfens an der Costa Smeralda geboren. An Bord ausger\u00fcstete Boote, mit hoch ausgew\u00e4hlten Instruktoren und erstklassiger Ausr\u00fcstung, die die h\u00f6chsten Sicherheitsstandards erf\u00fcllen. Wir arbeiten in extremer Sicherheit, um das angenehmste Kitesurferlebnis auf dem Markt zu gew\u00e4hrleisten.Es ist ein [&hellip;]<\/p>\n","protected":false},"author":1,"featured_media":0,"parent":0,"menu_order":0,"comment_status":"closed","ping_status":"closed","template":"","meta":{"_et_pb_use_builder":"on","_et_pb_old_content":"","_et_gb_content_width":"","_joinchat":[],"footnotes":""},"class_list":["post-19334","page","type-page","status-publish","hentry"],"yoast_head":"<!-- This site is optimized with the Yoast SEO plugin v27.2 - https:\/\/yoast.com\/product\/yoast-seo-wordpress\/ -->\n<title>Kitesurf Fuchs Bucht - FH Academy<\/title>\n<meta name=\"robots\" content=\"index, follow, max-snippet:-1, max-image-preview:large, max-video-preview:-1\" \/>\n<link rel=\"canonical\" href=\"https:\/\/fh.academy\/de\/kitesurf-fuchs-bucht\/\" \/>\n<meta property=\"og:locale\" content=\"de_DE\" \/>\n<meta property=\"og:type\" content=\"article\" \/>\n<meta property=\"og:title\" content=\"Kitesurf Fuchs Bucht - FH Academy\" \/>\n<meta property=\"og:description\" content=\"In der luxuri\u00f6sesten Bucht Europas, vor dem ber\u00fchmten Hotel Cala di Volpe, wird die erste Realit\u00e4t des Luxus-Kitesurfens an der Costa Smeralda geboren. An Bord ausger\u00fcstete Boote, mit hoch ausgew\u00e4hlten Instruktoren und erstklassiger Ausr\u00fcstung, die die h\u00f6chsten Sicherheitsstandards erf\u00fcllen. Wir arbeiten in extremer Sicherheit, um das angenehmste Kitesurferlebnis auf dem Markt zu gew\u00e4hrleisten.Es ist ein [&hellip;]\" \/>\n<meta property=\"og:url\" content=\"https:\/\/fh.academy\/de\/kitesurf-fuchs-bucht\/\" \/>\n<meta property=\"og:site_name\" content=\"FH Academy\" \/>\n<meta property=\"article:publisher\" content=\"https:\/\/www.facebook.com\/FHAcademyPortoPollo\/\" \/>\n<meta property=\"article:modified_time\" content=\"2022-03-24T07:44:02+00:00\" \/>\n<meta name=\"twitter:card\" content=\"summary_large_image\" \/>\n<meta name=\"twitter:site\" content=\"@fhacademy_it\" \/>\n<meta name=\"twitter:label1\" content=\"Gesch\u00e4tzte Lesezeit\" \/>\n\t<meta name=\"twitter:data1\" content=\"9\u00a0Minuten\" \/>\n<script type=\"application\/ld+json\" class=\"yoast-schema-graph\">{\"@context\":\"https:\/\/schema.org\",\"@graph\":[{\"@type\":\"WebPage\",\"@id\":\"https:\/\/fh.academy\/de\/kitesurf-fuchs-bucht\/\",\"url\":\"https:\/\/fh.academy\/de\/kitesurf-fuchs-bucht\/\",\"name\":\"Kitesurf Fuchs Bucht - FH Academy\",\"isPartOf\":{\"@id\":\"https:\/\/fh.academy\/de\/#website\"},\"datePublished\":\"2022-02-13T11:54:08+00:00\",\"dateModified\":\"2022-03-24T07:44:02+00:00\",\"breadcrumb\":{\"@id\":\"https:\/\/fh.academy\/de\/kitesurf-fuchs-bucht\/#breadcrumb\"},\"inLanguage\":\"de\",\"potentialAction\":[{\"@type\":\"ReadAction\",\"target\":[\"https:\/\/fh.academy\/de\/kitesurf-fuchs-bucht\/\"]}]},{\"@type\":\"BreadcrumbList\",\"@id\":\"https:\/\/fh.academy\/de\/kitesurf-fuchs-bucht\/#breadcrumb\",\"itemListElement\":[{\"@type\":\"ListItem\",\"position\":1,\"name\":\"Home\",\"item\":\"https:\/\/fh.academy\/de\/\"},{\"@type\":\"ListItem\",\"position\":2,\"name\":\"Kitesurf Fuchs Bucht\"}]},{\"@type\":\"WebSite\",\"@id\":\"https:\/\/fh.academy\/de\/#website\",\"url\":\"https:\/\/fh.academy\/de\/\",\"name\":\"FH Academy\",\"description\":\"Scuola Kitesurf e Windsurf in Sardegna\",\"publisher\":{\"@id\":\"https:\/\/fh.academy\/de\/#organization\"},\"potentialAction\":[{\"@type\":\"SearchAction\",\"target\":{\"@type\":\"EntryPoint\",\"urlTemplate\":\"https:\/\/fh.academy\/de\/?s={search_term_string}\"},\"query-input\":{\"@type\":\"PropertyValueSpecification\",\"valueRequired\":true,\"valueName\":\"search_term_string\"}}],\"inLanguage\":\"de\"},{\"@type\":\"Organization\",\"@id\":\"https:\/\/fh.academy\/de\/#organization\",\"name\":\"FH Academy\",\"url\":\"https:\/\/fh.academy\/de\/\",\"logo\":{\"@type\":\"ImageObject\",\"inLanguage\":\"de\",\"@id\":\"https:\/\/fh.academy\/de\/#\/schema\/logo\/image\/\",\"url\":\"https:\/\/fh.academy\/wp-content\/uploads\/2022\/05\/FH_Sardinia_LOGO_CMYK_rebrand-gocci-singola-5.png\",\"contentUrl\":\"https:\/\/fh.academy\/wp-content\/uploads\/2022\/05\/FH_Sardinia_LOGO_CMYK_rebrand-gocci-singola-5.png\",\"width\":1302,\"height\":651,\"caption\":\"FH Academy\"},\"image\":{\"@id\":\"https:\/\/fh.academy\/de\/#\/schema\/logo\/image\/\"},\"sameAs\":[\"https:\/\/www.facebook.com\/FHAcademyPortoPollo\/\",\"https:\/\/x.com\/fhacademy_it\",\"https:\/\/www.instagram.com\/fh_academy\/\"]}]}<\/script>\n<!-- \/ Yoast SEO plugin. -->","yoast_head_json":{"title":"Kitesurf Fuchs Bucht - FH Academy","robots":{"index":"index","follow":"follow","max-snippet":"max-snippet:-1","max-image-preview":"max-image-preview:large","max-video-preview":"max-video-preview:-1"},"canonical":"https:\/\/fh.academy\/de\/kitesurf-fuchs-bucht\/","og_locale":"de_DE","og_type":"article","og_title":"Kitesurf Fuchs Bucht - FH Academy","og_description":"In der luxuri\u00f6sesten Bucht Europas, vor dem ber\u00fchmten Hotel Cala di Volpe, wird die erste Realit\u00e4t des Luxus-Kitesurfens an der Costa Smeralda geboren. An Bord ausger\u00fcstete Boote, mit hoch ausgew\u00e4hlten Instruktoren und erstklassiger Ausr\u00fcstung, die die h\u00f6chsten Sicherheitsstandards erf\u00fcllen. Wir arbeiten in extremer Sicherheit, um das angenehmste Kitesurferlebnis auf dem Markt zu gew\u00e4hrleisten.Es ist ein [&hellip;]","og_url":"https:\/\/fh.academy\/de\/kitesurf-fuchs-bucht\/","og_site_name":"FH Academy","article_publisher":"https:\/\/www.facebook.com\/FHAcademyPortoPollo\/","article_modified_time":"2022-03-24T07:44:02+00:00","twitter_card":"summary_large_image","twitter_site":"@fhacademy_it","twitter_misc":{"Gesch\u00e4tzte Lesezeit":"9\u00a0Minuten"},"schema":{"@context":"https:\/\/schema.org","@graph":[{"@type":"WebPage","@id":"https:\/\/fh.academy\/de\/kitesurf-fuchs-bucht\/","url":"https:\/\/fh.academy\/de\/kitesurf-fuchs-bucht\/","name":"Kitesurf Fuchs Bucht - FH Academy","isPartOf":{"@id":"https:\/\/fh.academy\/de\/#website"},"datePublished":"2022-02-13T11:54:08+00:00","dateModified":"2022-03-24T07:44:02+00:00","breadcrumb":{"@id":"https:\/\/fh.academy\/de\/kitesurf-fuchs-bucht\/#breadcrumb"},"inLanguage":"de","potentialAction":[{"@type":"ReadAction","target":["https:\/\/fh.academy\/de\/kitesurf-fuchs-bucht\/"]}]},{"@type":"BreadcrumbList","@id":"https:\/\/fh.academy\/de\/kitesurf-fuchs-bucht\/#breadcrumb","itemListElement":[{"@type":"ListItem","position":1,"name":"Home","item":"https:\/\/fh.academy\/de\/"},{"@type":"ListItem","position":2,"name":"Kitesurf Fuchs Bucht"}]},{"@type":"WebSite","@id":"https:\/\/fh.academy\/de\/#website","url":"https:\/\/fh.academy\/de\/","name":"FH Academy","description":"Scuola Kitesurf e Windsurf in Sardegna","publisher":{"@id":"https:\/\/fh.academy\/de\/#organization"},"potentialAction":[{"@type":"SearchAction","target":{"@type":"EntryPoint","urlTemplate":"https:\/\/fh.academy\/de\/?s={search_term_string}"},"query-input":{"@type":"PropertyValueSpecification","valueRequired":true,"valueName":"search_term_string"}}],"inLanguage":"de"},{"@type":"Organization","@id":"https:\/\/fh.academy\/de\/#organization","name":"FH Academy","url":"https:\/\/fh.academy\/de\/","logo":{"@type":"ImageObject","inLanguage":"de","@id":"https:\/\/fh.academy\/de\/#\/schema\/logo\/image\/","url":"https:\/\/fh.academy\/wp-content\/uploads\/2022\/05\/FH_Sardinia_LOGO_CMYK_rebrand-gocci-singola-5.png","contentUrl":"https:\/\/fh.academy\/wp-content\/uploads\/2022\/05\/FH_Sardinia_LOGO_CMYK_rebrand-gocci-singola-5.png","width":1302,"height":651,"caption":"FH Academy"},"image":{"@id":"https:\/\/fh.academy\/de\/#\/schema\/logo\/image\/"},"sameAs":["https:\/\/www.facebook.com\/FHAcademyPortoPollo\/","https:\/\/x.com\/fhacademy_it","https:\/\/www.instagram.com\/fh_academy\/"]}]}},"_links":{"self":[{"href":"https:\/\/fh.academy\/de\/wp-json\/wp\/v2\/pages\/19334","targetHints":{"allow":["GET"]}}],"collection":[{"href":"https:\/\/fh.academy\/de\/wp-json\/wp\/v2\/pages"}],"about":[{"href":"https:\/\/fh.academy\/de\/wp-json\/wp\/v2\/types\/page"}],"author":[{"embeddable":true,"href":"https:\/\/fh.academy\/de\/wp-json\/wp\/v2\/users\/1"}],"replies":[{"embeddable":true,"href":"https:\/\/fh.academy\/de\/wp-json\/wp\/v2\/comments?post=19334"}],"version-history":[{"count":5,"href":"https:\/\/fh.academy\/de\/wp-json\/wp\/v2\/pages\/19334\/revisions"}],"predecessor-version":[{"id":243304,"href":"https:\/\/fh.academy\/de\/wp-json\/wp\/v2\/pages\/19334\/revisions\/243304"}],"wp:attachment":[{"href":"https:\/\/fh.academy\/de\/wp-json\/wp\/v2\/media?parent=19334"}],"curies":[{"name":"wp","href":"https:\/\/api.w.org\/{rel}","templated":true}]}}